{"id":3088,"date":"2022-06-06T09:28:27","date_gmt":"2022-06-06T12:28:27","guid":{"rendered":"https:\/\/downtownmoncton.com\/product\/carte-cadeau-centre-ville-moncton\/"},"modified":"2025-11-15T07:52:40","modified_gmt":"2025-11-15T11:52:40","slug":"carte-cadeau-centre-ville-moncton","status":"publish","type":"product","link":"https:\/\/downtownmoncton.com\/fr\/product\/carte-cadeau-centre-ville-moncton\/","title":{"rendered":"Achetez en ligne"},"content":{"rendered":"<p>Les Cartes-cadeaux Centre-ville Moncton sont des cartes-cadeaux universelles que l\u2019on peut utiliser aux entreprises participantes du centre-ville et \u00e0 tous les parcom\u00e8tres du centre-ville. Elles sont disponibles \u00e0 l\u2019ann\u00e9e et elles permettent aux d\u00e9tenteurs de choisir de les utiliser dans plusieurs endroits. Elles font d\u2019excellents cadeaux d\u2019entreprise ou personnels et encouragent les d\u00e9penses locales!<\/p>\n<p>Pour une liste des entreprises participantes, visitez notre R\u00e9pertoire d\u2019entreprises!<\/p>\n<div class=\"fusion-button-wrapper fusion-alignleft\"><a class=\"fusion-button button-flat fusion-button-default-size button-default fusion-button-default button-1 fusion-button-default-span fusion-button-default-type\" target=\"_self\" href=\"https:\/\/downtownmoncton.com\/fr\/repertoire-dentreprises\/?category_id=89\"><span class=\"fusion-button-text awb-button__text awb-button__text--default\">ENTREPRISES PARTICIPANTES<\/span><\/a><\/div>\n","protected":false},"excerpt":{"rendered":"<div style=\"overflow: hidden;\">\n<div style=\"float: left; margin-right: 14px; margin-bottom: 14px;\">[fusion_button link=\"https:\/\/downtownmoncton.com\/fr\/cartes-cadeaux-centre-ville-moncton-faq\/\" title=\"\" target=\"_self\" link_attributes=\"\" alignment_medium=\"\" alignment_small=\"\" alignment=\"left\" modal=\"\" hide_on_mobile=\"small-visibility,medium-visibility,large-visibility\" sticky_display=\"normal,sticky\" class=\"\" id=\"\" color=\"default\" button_gradient_top_color=\"\" hue=\"\" saturation=\"\" lightness=\"\" alpha=\"\" button_gradient_bottom_color=\"\" button_gradient_top_color_hover=\"\" button_gradient_bottom_color_hover=\"\" gradient_start_position=\"\" gradient_end_position=\"\" gradient_type=\"\" radial_direction=\"\" linear_angle=\"\" accent_color=\"\" accent_hover_color=\"\" type=\"\" bevel_color=\"\" bevel_color_hover=\"\" border_top=\"\" border_right=\"\" border_bottom=\"\" border_left=\"\" border_radius_top_left=\"\" border_radius_top_right=\"\" border_radius_bottom_right=\"\" border_radius_bottom_left=\"\" border_color=\"\" border_hover_color=\"\" size=\"\" padding_top=\"\" padding_right=\"\" padding_bottom=\"\" padding_left=\"\" fusion_font_family_button_font=\"\" fusion_font_variant_button_font=\"\" font_size=\"\" line_height=\"\" letter_spacing=\"\" text_transform=\"\" stretch=\"default\" margin_top=\"\" margin_right=\"\" margin_bottom=\"\" margin_left=\"\" icon=\"\" icon_position=\"right\" icon_divider=\"no\" animation_type=\"\" animation_direction=\"left\" animation_speed=\"0.3\" animation_offset=\"\"]FAQ[\/fusion_button]<\/div>\n<div style=\"margin-left: 0px; margin-right: 14px; float: left; margin-bottom: 14px;\">[fusion_button link=\"https:\/\/downtownmoncton.com\/wp-content\/uploads\/2023\/03\/CAPTCPVLFF-20190125.pdf\" title=\"\" target=\"_blank\" link_attributes=\"\" alignment_medium=\"\" alignment_small=\"\" alignment=\"left\" modal=\"\" hide_on_mobile=\"small-visibility,medium-visibility,large-visibility\" sticky_display=\"normal,sticky\" class=\"\" id=\"\" color=\"default\" button_gradient_top_color=\"\" hue=\"\" saturation=\"\" lightness=\"\" alpha=\"\" button_gradient_bottom_color=\"\" button_gradient_top_color_hover=\"\" button_gradient_bottom_color_hover=\"\" gradient_start_position=\"\" gradient_end_position=\"\" gradient_type=\"\" radial_direction=\"\" linear_angle=\"\" accent_color=\"\" accent_hover_color=\"\" type=\"\" bevel_color=\"\" bevel_color_hover=\"\" border_top=\"\" border_right=\"\" border_bottom=\"\" border_left=\"\" border_radius_top_left=\"\" border_radius_top_right=\"\" border_radius_bottom_right=\"\" border_radius_bottom_left=\"\" border_color=\"\" border_hover_color=\"\" size=\"\" padding_top=\"\" padding_right=\"\" padding_bottom=\"\" padding_left=\"\" fusion_font_family_button_font=\"\" fusion_font_variant_button_font=\"\" font_size=\"\" line_height=\"\" letter_spacing=\"\" text_transform=\"\" stretch=\"default\" margin_top=\"\" margin_right=\"\" margin_bottom=\"\" margin_left=\"\" icon=\"\" icon_position=\"right\" icon_divider=\"no\" animation_type=\"\" animation_direction=\"left\" animation_speed=\"0.3\" animation_offset=\"\"]ACCORD DU TITULAIRE DE CARTE[\/fusion_button]<\/div>\n<div style=\"margin-left: 0px; float: left; margin-bottom: 14px;\">[fusion_button link=\"https:\/\/downtownmoncton.com\/fr\/panier\/\" title=\"\" target=\"_self\" link_attributes=\"\" alignment_medium=\"\" alignment_small=\"\" alignment=\"left\" modal=\"\" hide_on_mobile=\"small-visibility,medium-visibility,large-visibility\" sticky_display=\"normal,sticky\" class=\"\" id=\"\" color=\"default\" button_gradient_top_color=\"\" hue=\"\" saturation=\"\" lightness=\"\" alpha=\"\" button_gradient_bottom_color=\"\" button_gradient_top_color_hover=\"\" button_gradient_bottom_color_hover=\"\" gradient_start_position=\"\" gradient_end_position=\"\" gradient_type=\"\" radial_direction=\"\" linear_angle=\"\" accent_color=\"\" accent_hover_color=\"\" type=\"\" bevel_color=\"\" bevel_color_hover=\"\" border_top=\"\" border_right=\"\" border_bottom=\"\" border_left=\"\" border_radius_top_left=\"\" border_radius_top_right=\"\" border_radius_bottom_right=\"\" border_radius_bottom_left=\"\" border_color=\"\" border_hover_color=\"\" size=\"\" padding_top=\"\" padding_right=\"\" padding_bottom=\"\" padding_left=\"\" fusion_font_family_button_font=\"\" fusion_font_variant_button_font=\"\" font_size=\"\" line_height=\"\" letter_spacing=\"\" text_transform=\"\" stretch=\"default\" margin_top=\"\" margin_right=\"\" margin_bottom=\"\" margin_left=\"\" icon=\"\" icon_position=\"right\" icon_divider=\"no\" animation_type=\"\" animation_direction=\"left\" animation_speed=\"0.3\" animation_offset=\"\"]VOIR PANIER[\/fusion_button]<\/div>\n<\/div>\n<p>Les cartes-cadeaux du centre-ville de Moncton sont vendues dans une valeur minimale de 20 $ et une valeur maximale de 500 $ et avec une limite de 500 $ par personne.<\/p>\n<p><b><span style=\"color: #ee1967;\">ATTENTION:<\/span> POUR LES COMMANDES EN LIGNE DE CARTES-CADEAUX D\u00c9PASSANT LA LIMITE DE 500 $, VEUILLEZ CONTACTER DIRECTEMENT LE BUREAU DMCI POUR OBTENIR DE L\u2019AIDE PAR <a href=\"tel:+18666286693\">T\u00c9L\u00c9PHONE<\/a> OU PAR <a href=\"mailto:dmci@downtownmoncton.com\">E-MAIL<\/a> .<\/b><\/p>\n<p><span style=\"color: #ee1967;\"><strong>LES D\u00c9NOMINATIONS NE PEUVENT PAS \u00caTRE MODIFI\u00c9ES UNE FOIS QUE LA COMMANDE A \u00c9T\u00c9 PASS\u00c9E.<\/strong><\/span><\/p>\n","protected":false},"featured_media":3110,"template":"","meta":{"_monsterinsights_skip_tracking":false,"_monsterinsights_sitenote_active":false,"_monsterinsights_sitenote_note":"","_monsterinsights_sitenote_category":0},"product_brand":[],"product_cat":[61],"product_tag":[],"class_list":{"0":"post-3088","1":"product","2":"type-product","3":"status-publish","4":"has-post-thumbnail","6":"product_cat-carte-cadeau-centre-ville-moncton","8":"first","9":"instock","10":"taxable","11":"shipping-taxable","12":"purchasable","13":"product-type-variable"},"group_of_quantity":0,"min_quantity":0,"max_quantity":"","exclude_order_quantity_value_rules":"no","exclude_category_quantity_rules":"no","combine_variations":"no","yoast_head":"<!-- This site is optimized with the Yoast SEO plugin v27.3 - https:\/\/yoast.com\/product\/yoast-seo-wordpress\/ -->\n<title>Achetez en ligne - Downtown Moncton Centre-ville Inc.<\/title>\n<meta name=\"robots\" content=\"index, follow, max-snippet:-1, max-image-preview:large, max-video-preview:-1\" \/>\n<link rel=\"canonical\" href=\"https:\/\/downtownmoncton.com\/fr\/product\/carte-cadeau-centre-ville-moncton\/\" \/>\n<meta property=\"og:locale\" content=\"fr_CA\" \/>\n<meta property=\"og:type\" content=\"article\" \/>\n<meta property=\"og:title\" content=\"Achetez en ligne - Downtown Moncton Centre-ville Inc.\" \/>\n<meta property=\"og:description\" content=\"Les cartes-cadeaux du centre-ville de Moncton sont vendues dans une valeur minimale de 20 $ et une valeur maximale de 500 $ et avec une limite de 500 $ par personne.  ATTENTION: POUR LES COMMANDES EN LIGNE DE CARTES-CADEAUX D\u00c9PASSANT LA LIMITE DE 500 $, VEUILLEZ CONTACTER DIRECTEMENT LE BUREAU DMCI POUR OBTENIR DE L\u2019AIDE PAR T\u00c9L\u00c9PHONE OU PAR E-MAIL .  LES D\u00c9NOMINATIONS NE PEUVENT PAS \u00caTRE MODIFI\u00c9ES UNE FOIS QUE LA COMMANDE A \u00c9T\u00c9 PASS\u00c9E.\" \/>\n<meta property=\"og:url\" content=\"https:\/\/downtownmoncton.com\/fr\/product\/carte-cadeau-centre-ville-moncton\/\" \/>\n<meta property=\"og:site_name\" content=\"Downtown Moncton Centre-ville Inc.\" \/>\n<meta property=\"article:modified_time\" content=\"2025-11-15T11:52:40+00:00\" \/>\n<meta property=\"og:image\" content=\"https:\/\/downtownmoncton.com\/wp-content\/uploads\/2022\/06\/gift-card-french.png\" \/>\n\t<meta property=\"og:image:width\" content=\"382\" \/>\n\t<meta property=\"og:image:height\" content=\"253\" \/>\n\t<meta property=\"og:image:type\" content=\"image\/png\" \/>\n<meta name=\"twitter:card\" content=\"summary_large_image\" \/>\n<meta name=\"twitter:label1\" content=\"Estimation du temps de lecture\" \/>\n\t<meta name=\"twitter:data1\" content=\"1 minute\" \/>\n<script type=\"application\/ld+json\" class=\"yoast-schema-graph\">{\"@context\":\"https:\\\/\\\/schema.org\",\"@graph\":[{\"@type\":\"WebPage\",\"@id\":\"https:\\\/\\\/downtownmoncton.com\\\/fr\\\/product\\\/carte-cadeau-centre-ville-moncton\\\/\",\"url\":\"https:\\\/\\\/downtownmoncton.com\\\/fr\\\/product\\\/carte-cadeau-centre-ville-moncton\\\/\",\"name\":\"Achetez en ligne - Downtown Moncton Centre-ville Inc.\",\"isPartOf\":{\"@id\":\"https:\\\/\\\/downtownmoncton.com\\\/#website\"},\"primaryImageOfPage\":{\"@id\":\"https:\\\/\\\/downtownmoncton.com\\\/fr\\\/product\\\/carte-cadeau-centre-ville-moncton\\\/#primaryimage\"},\"image\":{\"@id\":\"https:\\\/\\\/downtownmoncton.com\\\/fr\\\/product\\\/carte-cadeau-centre-ville-moncton\\\/#primaryimage\"},\"thumbnailUrl\":\"https:\\\/\\\/downtownmoncton.com\\\/wp-content\\\/uploads\\\/2022\\\/06\\\/gift-card-french.png\",\"datePublished\":\"2022-06-06T12:28:27+00:00\",\"dateModified\":\"2025-11-15T11:52:40+00:00\",\"breadcrumb\":{\"@id\":\"https:\\\/\\\/downtownmoncton.com\\\/fr\\\/product\\\/carte-cadeau-centre-ville-moncton\\\/#breadcrumb\"},\"inLanguage\":\"fr-CA\",\"potentialAction\":[{\"@type\":\"ReadAction\",\"target\":[\"https:\\\/\\\/downtownmoncton.com\\\/fr\\\/product\\\/carte-cadeau-centre-ville-moncton\\\/\"]}]},{\"@type\":\"ImageObject\",\"inLanguage\":\"fr-CA\",\"@id\":\"https:\\\/\\\/downtownmoncton.com\\\/fr\\\/product\\\/carte-cadeau-centre-ville-moncton\\\/#primaryimage\",\"url\":\"https:\\\/\\\/downtownmoncton.com\\\/wp-content\\\/uploads\\\/2022\\\/06\\\/gift-card-french.png\",\"contentUrl\":\"https:\\\/\\\/downtownmoncton.com\\\/wp-content\\\/uploads\\\/2022\\\/06\\\/gift-card-french.png\",\"width\":382,\"height\":253},{\"@type\":\"BreadcrumbList\",\"@id\":\"https:\\\/\\\/downtownmoncton.com\\\/fr\\\/product\\\/carte-cadeau-centre-ville-moncton\\\/#breadcrumb\",\"itemListElement\":[{\"@type\":\"ListItem\",\"position\":1,\"name\":\"Home\",\"item\":\"https:\\\/\\\/downtownmoncton.com\\\/fr\\\/\"},{\"@type\":\"ListItem\",\"position\":2,\"name\":\"Products\",\"item\":\"https:\\\/\\\/downtownmoncton.com\\\/shop\\\/\"},{\"@type\":\"ListItem\",\"position\":3,\"name\":\"Achetez en ligne\"}]},{\"@type\":\"WebSite\",\"@id\":\"https:\\\/\\\/downtownmoncton.com\\\/#website\",\"url\":\"https:\\\/\\\/downtownmoncton.com\\\/\",\"name\":\"Downtown Moncton Centre-ville Inc.\",\"description\":\"Dedicated to the heart of Metro Moncton!\",\"potentialAction\":[{\"@type\":\"SearchAction\",\"target\":{\"@type\":\"EntryPoint\",\"urlTemplate\":\"https:\\\/\\\/downtownmoncton.com\\\/?s={search_term_string}\"},\"query-input\":{\"@type\":\"PropertyValueSpecification\",\"valueRequired\":true,\"valueName\":\"search_term_string\"}}],\"inLanguage\":\"fr-CA\"}]}<\/script>\n<!-- \/ Yoast SEO plugin. -->","yoast_head_json":{"title":"Achetez en ligne - Downtown Moncton Centre-ville Inc.","robots":{"index":"index","follow":"follow","max-snippet":"max-snippet:-1","max-image-preview":"max-image-preview:large","max-video-preview":"max-video-preview:-1"},"canonical":"https:\/\/downtownmoncton.com\/fr\/product\/carte-cadeau-centre-ville-moncton\/","og_locale":"fr_CA","og_type":"article","og_title":"Achetez en ligne - Downtown Moncton Centre-ville Inc.","og_description":"Les cartes-cadeaux du centre-ville de Moncton sont vendues dans une valeur minimale de 20 $ et une valeur maximale de 500 $ et avec une limite de 500 $ par personne.  ATTENTION: POUR LES COMMANDES EN LIGNE DE CARTES-CADEAUX D\u00c9PASSANT LA LIMITE DE 500 $, VEUILLEZ CONTACTER DIRECTEMENT LE BUREAU DMCI POUR OBTENIR DE L\u2019AIDE PAR T\u00c9L\u00c9PHONE OU PAR E-MAIL .  LES D\u00c9NOMINATIONS NE PEUVENT PAS \u00caTRE MODIFI\u00c9ES UNE FOIS QUE LA COMMANDE A \u00c9T\u00c9 PASS\u00c9E.","og_url":"https:\/\/downtownmoncton.com\/fr\/product\/carte-cadeau-centre-ville-moncton\/","og_site_name":"Downtown Moncton Centre-ville Inc.","article_modified_time":"2025-11-15T11:52:40+00:00","og_image":[{"width":382,"height":253,"url":"https:\/\/downtownmoncton.com\/wp-content\/uploads\/2022\/06\/gift-card-french.png","type":"image\/png"}],"twitter_card":"summary_large_image","twitter_misc":{"Estimation du temps de lecture":"1 minute"},"schema":{"@context":"https:\/\/schema.org","@graph":[{"@type":"WebPage","@id":"https:\/\/downtownmoncton.com\/fr\/product\/carte-cadeau-centre-ville-moncton\/","url":"https:\/\/downtownmoncton.com\/fr\/product\/carte-cadeau-centre-ville-moncton\/","name":"Achetez en ligne - Downtown Moncton Centre-ville Inc.","isPartOf":{"@id":"https:\/\/downtownmoncton.com\/#website"},"primaryImageOfPage":{"@id":"https:\/\/downtownmoncton.com\/fr\/product\/carte-cadeau-centre-ville-moncton\/#primaryimage"},"image":{"@id":"https:\/\/downtownmoncton.com\/fr\/product\/carte-cadeau-centre-ville-moncton\/#primaryimage"},"thumbnailUrl":"https:\/\/downtownmoncton.com\/wp-content\/uploads\/2022\/06\/gift-card-french.png","datePublished":"2022-06-06T12:28:27+00:00","dateModified":"2025-11-15T11:52:40+00:00","breadcrumb":{"@id":"https:\/\/downtownmoncton.com\/fr\/product\/carte-cadeau-centre-ville-moncton\/#breadcrumb"},"inLanguage":"fr-CA","potentialAction":[{"@type":"ReadAction","target":["https:\/\/downtownmoncton.com\/fr\/product\/carte-cadeau-centre-ville-moncton\/"]}]},{"@type":"ImageObject","inLanguage":"fr-CA","@id":"https:\/\/downtownmoncton.com\/fr\/product\/carte-cadeau-centre-ville-moncton\/#primaryimage","url":"https:\/\/downtownmoncton.com\/wp-content\/uploads\/2022\/06\/gift-card-french.png","contentUrl":"https:\/\/downtownmoncton.com\/wp-content\/uploads\/2022\/06\/gift-card-french.png","width":382,"height":253},{"@type":"BreadcrumbList","@id":"https:\/\/downtownmoncton.com\/fr\/product\/carte-cadeau-centre-ville-moncton\/#breadcrumb","itemListElement":[{"@type":"ListItem","position":1,"name":"Home","item":"https:\/\/downtownmoncton.com\/fr\/"},{"@type":"ListItem","position":2,"name":"Products","item":"https:\/\/downtownmoncton.com\/shop\/"},{"@type":"ListItem","position":3,"name":"Achetez en ligne"}]},{"@type":"WebSite","@id":"https:\/\/downtownmoncton.com\/#website","url":"https:\/\/downtownmoncton.com\/","name":"Downtown Moncton Centre-ville Inc.","description":"Dedicated to the heart of Metro Moncton!","potentialAction":[{"@type":"SearchAction","target":{"@type":"EntryPoint","urlTemplate":"https:\/\/downtownmoncton.com\/?s={search_term_string}"},"query-input":{"@type":"PropertyValueSpecification","valueRequired":true,"valueName":"search_term_string"}}],"inLanguage":"fr-CA"}]}},"_links":{"self":[{"href":"https:\/\/downtownmoncton.com\/fr\/wp-json\/wp\/v2\/product\/3088","targetHints":{"allow":["GET"]}}],"collection":[{"href":"https:\/\/downtownmoncton.com\/fr\/wp-json\/wp\/v2\/product"}],"about":[{"href":"https:\/\/downtownmoncton.com\/fr\/wp-json\/wp\/v2\/types\/product"}],"wp:featuredmedia":[{"embeddable":true,"href":"https:\/\/downtownmoncton.com\/fr\/wp-json\/wp\/v2\/media\/3110"}],"wp:attachment":[{"href":"https:\/\/downtownmoncton.com\/fr\/wp-json\/wp\/v2\/media?parent=3088"}],"wp:term":[{"taxonomy":"product_brand","embeddable":true,"href":"https:\/\/downtownmoncton.com\/fr\/wp-json\/wp\/v2\/product_brand?post=3088"},{"taxonomy":"product_cat","embeddable":true,"href":"https:\/\/downtownmoncton.com\/fr\/wp-json\/wp\/v2\/product_cat?post=3088"},{"taxonomy":"product_tag","embeddable":true,"href":"https:\/\/downtownmoncton.com\/fr\/wp-json\/wp\/v2\/product_tag?post=3088"}],"curies":[{"name":"wp","href":"https:\/\/api.w.org\/{rel}","templated":true}]}}