{"id":9236,"date":"2019-03-12T15:33:47","date_gmt":"2019-03-12T18:33:47","guid":{"rendered":"https:\/\/downtownmoncton.com\/press\/"},"modified":"2024-01-03T13:34:52","modified_gmt":"2024-01-03T17:34:52","slug":"medias","status":"publish","type":"page","link":"https:\/\/downtownmoncton.com\/fr\/medias\/","title":{"rendered":"M\u00e9dias"},"content":{"rendered":"<div class=\"fusion-fullwidth fullwidth-box fusion-builder-row-1 fusion-flex-container nonhundred-percent-fullwidth non-hundred-percent-height-scrolling\" style=\"--awb-border-radius-top-left:0px;--awb-border-radius-top-right:0px;--awb-border-radius-bottom-right:0px;--awb-border-radius-bottom-left:0px;--awb-padding-top:25px;--awb-margin-bottom:50px;--awb-flex-wrap:wrap;\" ><div class=\"fusion-builder-row fusion-row fusion-flex-align-items-flex-start fusion-flex-content-wrap\" style=\"max-width:1248px;margin-left: calc(-4% \/ 2 );margin-right: calc(-4% \/ 2 );\"><div class=\"fusion-layout-column fusion_builder_column fusion-builder-column-0 fusion_builder_column_1_1 1_1 fusion-flex-column\" style=\"--awb-padding-bottom:25px;--awb-bg-size:cover;--awb-width-large:100%;--awb-margin-top-large:10px;--awb-spacing-right-large:3.84%;--awb-margin-bottom-large:10px;--awb-spacing-left-large:1.92%;--awb-width-medium:100%;--awb-spacing-right-medium:1.92%;--awb-spacing-left-medium:1.92%;--awb-width-small:100%;--awb-spacing-right-small:1.92%;--awb-spacing-left-small:1.92%;\"><div class=\"fusion-column-wrapper fusion-flex-justify-content-flex-start fusion-content-layout-column\"><div class=\"fusion-blog-shortcode fusion-blog-shortcode-1 fusion-blog-archive fusion-blog-layout-grid-wrapper fusion-blog-pagination fusion-blog-no-images fusion-blog-layout-left\"><style type=\"text\/css\">.fusion-blog-shortcode-1 .fusion-blog-layout-grid .fusion-post-grid{padding:20px;}.fusion-blog-shortcode-1 .fusion-posts-container{margin-left: -20px !important; margin-right:-20px !important;}<\/style><div class=\"fusion-posts-container fusion-posts-container-pagination fusion-blog-layout-grid fusion-blog-layout-grid-2 isotope fusion-blog-equal-heights\" data-pages=\"7\" data-grid-col-space=\"40\" style=\"margin: -20px -20px 0;min-height:500px;\"><article id=\"blog-1-post-22199\" class=\"fusion-post-grid post-22199 post type-post status-publish format-standard has-post-thumbnail hentry category-medias\">\n<div class=\"fusion-post-wrapper\" style=\"background-color:var(--awb-color1);border:1px solid var(--awb-color1);border-bottom-width:3px;\"><div class=\"fusion-post-content-wrapper\" style=\"padding:15px 25px 15px 25px;\"><div class=\"fusion-post-content post-content\"><h2 class=\"blog-shortcode-post-title entry-title\"><a href=\"https:\/\/downtownmoncton.com\/fr\/medias\/dmci-presente-downtown-moncton-centre-ville-arts\/\">DMCI pr\u00e9sente \u00ab Downtown Moncton Centre-ville \u2764\ufe0f Arts \u00bb : Une c\u00e9l\u00e9bration gratuite de la musique, des arts visuels et de la performance au c\u0153ur de la ville<\/a><\/h2><p class=\"fusion-single-line-meta\">By <span class=\"vcard\"><span class=\"fn\"><a href=\"https:\/\/downtownmoncton.com\/fr\/author\/dmci\/\" title=\"Articles par Downtown Moncton Centre-ville\" rel=\"author\">Downtown Moncton Centre-ville<\/a><\/span><\/span><span class=\"fusion-inline-sep\">|<\/span><span class=\"updated\" style=\"display:none;\">2025-06-23T09:47:42-03:00<\/span><span>19 juin 2025<\/span><span class=\"fusion-inline-sep\">|<\/span><\/p><div class=\"fusion-content-sep sep-none\"><\/div><div class=\"fusion-post-content-container\"><p> COMMUNIQU\u00c9 DE PRESSE DMCI pr\u00e9sente \u00ab Downtown Moncton Centre-ville \u2764\ufe0f Arts \u00bb : Une c\u00e9l\u00e9bration gratuite de la musique, ...<\/p><\/div><\/div><div class=\"fusion-meta-info\"><div class=\"fusion-alignleft\"><a class=\"fusion-read-more\" href=\"https:\/\/downtownmoncton.com\/fr\/medias\/dmci-presente-downtown-moncton-centre-ville-arts\/\" aria-label=\"More on DMCI pr\u00e9sente \u00ab Downtown Moncton Centre-ville \u2764\ufe0f Arts \u00bb : Une c\u00e9l\u00e9bration gratuite de la musique, des arts visuels et de la performance au c\u0153ur de la ville\">Read More<\/a><\/div><\/div><\/div><div class=\"fusion-clearfix\"><\/div><\/div>\n<\/article>\n<article id=\"blog-1-post-22169\" class=\"fusion-post-grid post-22169 post type-post status-publish format-standard has-post-thumbnail hentry category-medias\">\n<div class=\"fusion-post-wrapper\" style=\"background-color:var(--awb-color1);border:1px solid var(--awb-color1);border-bottom-width:3px;\"><div class=\"fusion-post-content-wrapper\" style=\"padding:15px 25px 15px 25px;\"><div class=\"fusion-post-content post-content\"><h2 class=\"blog-shortcode-post-title entry-title\"><a href=\"https:\/\/downtownmoncton.com\/fr\/medias\/ete-2025-le-festival-damuseurs-publics-de-moncton-et-patiofest-sont-de-retour\/\">\u00c9t\u00e9 2025: Le festival d\u2019amuseurs publics de Moncton et PatioFest sont de retour<\/a><\/h2><p class=\"fusion-single-line-meta\">By <span class=\"vcard\"><span class=\"fn\"><a href=\"https:\/\/downtownmoncton.com\/fr\/author\/dmci\/\" title=\"Articles par Downtown Moncton Centre-ville\" rel=\"author\">Downtown Moncton Centre-ville<\/a><\/span><\/span><span class=\"fusion-inline-sep\">|<\/span><span class=\"updated\" style=\"display:none;\">2025-06-18T10:46:10-03:00<\/span><span>18 juin 2025<\/span><span class=\"fusion-inline-sep\">|<\/span><\/p><div class=\"fusion-content-sep sep-none\"><\/div><div class=\"fusion-post-content-container\"><p> \u00a0COMMUNIQU\u00c9 DE PRESSE \u00c9t\u00e9 2025: Le festival d\u2019amuseurs publics de Moncton et PatioFest sont de retour Moncton centre-ville \u2013 ...<\/p><\/div><\/div><div class=\"fusion-meta-info\"><div class=\"fusion-alignleft\"><a class=\"fusion-read-more\" href=\"https:\/\/downtownmoncton.com\/fr\/medias\/ete-2025-le-festival-damuseurs-publics-de-moncton-et-patiofest-sont-de-retour\/\" aria-label=\"More on \u00c9t\u00e9 2025: Le festival d\u2019amuseurs publics de Moncton et PatioFest sont de retour\">Read More<\/a><\/div><\/div><\/div><div class=\"fusion-clearfix\"><\/div><\/div>\n<\/article>\n<article id=\"blog-1-post-21757\" class=\"fusion-post-grid post-21757 post type-post status-publish format-standard has-post-thumbnail hentry category-medias\">\n<div class=\"fusion-post-wrapper\" style=\"background-color:var(--awb-color1);border:1px solid var(--awb-color1);border-bottom-width:3px;\"><div class=\"fusion-post-content-wrapper\" style=\"padding:15px 25px 15px 25px;\"><div class=\"fusion-post-content post-content\"><h2 class=\"blog-shortcode-post-title entry-title\"><a href=\"https:\/\/downtownmoncton.com\/fr\/medias\/downtown-moncton-centre-ville-inc-lance-la-saison-estivale-2025\/\">Downtown Moncton Centre-ville Inc. lance la saison estivale 2025 !<\/a><\/h2><p class=\"fusion-single-line-meta\">By <span class=\"vcard\"><span class=\"fn\"><a href=\"https:\/\/downtownmoncton.com\/fr\/author\/dmci\/\" title=\"Articles par Downtown Moncton Centre-ville\" rel=\"author\">Downtown Moncton Centre-ville<\/a><\/span><\/span><span class=\"fusion-inline-sep\">|<\/span><span class=\"updated\" style=\"display:none;\">2025-05-09T09:00:43-03:00<\/span><span>9 mai 2025<\/span><span class=\"fusion-inline-sep\">|<\/span><\/p><div class=\"fusion-content-sep sep-none\"><\/div><div class=\"fusion-post-content-container\"><p> COMMUNIQU\u00c9 Downtown Moncton Centre-ville Inc. lance la saison estivale 2025 !\u00a0 Mardi, 6 mai, 2025 \u2013 Moncton Centre-ville \u2013 ...<\/p><\/div><\/div><div class=\"fusion-meta-info\"><div class=\"fusion-alignleft\"><a class=\"fusion-read-more\" href=\"https:\/\/downtownmoncton.com\/fr\/medias\/downtown-moncton-centre-ville-inc-lance-la-saison-estivale-2025\/\" aria-label=\"More on Downtown Moncton Centre-ville Inc. lance la saison estivale 2025 !\">Read More<\/a><\/div><\/div><\/div><div class=\"fusion-clearfix\"><\/div><\/div>\n<\/article>\n<article id=\"blog-1-post-21136\" class=\"fusion-post-grid post-21136 post type-post status-publish format-standard has-post-thumbnail hentry category-blog-fr category-en-vedette\">\n<div class=\"fusion-post-wrapper\" style=\"background-color:var(--awb-color1);border:1px solid var(--awb-color1);border-bottom-width:3px;\"><div class=\"fusion-post-content-wrapper\" style=\"padding:15px 25px 15px 25px;\"><div class=\"fusion-post-content post-content\"><h2 class=\"blog-shortcode-post-title entry-title\"><a href=\"https:\/\/downtownmoncton.com\/fr\/blog-fr\/une-experience-inoubliable-au-nakai-spa-la-ou-chaque-detail-compte\/\">Une exp\u00e9rience inoubliable au Nakai Spa : L\u00e0 o\u00f9 chaque d\u00e9tail compte<\/a><\/h2><p class=\"fusion-single-line-meta\">By <span class=\"vcard\"><span class=\"fn\"><a href=\"https:\/\/downtownmoncton.com\/fr\/author\/dmci\/\" title=\"Articles par Downtown Moncton Centre-ville\" rel=\"author\">Downtown Moncton Centre-ville<\/a><\/span><\/span><span class=\"fusion-inline-sep\">|<\/span><span class=\"updated\" style=\"display:none;\">2024-12-03T10:14:55-04:00<\/span><span>3 D\u00e9cembre 2024<\/span><span class=\"fusion-inline-sep\">|<\/span><\/p><div class=\"fusion-content-sep sep-none\"><\/div><div class=\"fusion-post-content-container\"><p> Pour se d\u00e9tendre et se ressourcer, le Nakai Spa est plus qu'une exp\u00e9rience de spa typique. Log\u00e9 dans un ...<\/p><\/div><\/div><div class=\"fusion-meta-info\"><div class=\"fusion-alignleft\"><a class=\"fusion-read-more\" href=\"https:\/\/downtownmoncton.com\/fr\/blog-fr\/une-experience-inoubliable-au-nakai-spa-la-ou-chaque-detail-compte\/\" aria-label=\"More on Une exp\u00e9rience inoubliable au Nakai Spa : L\u00e0 o\u00f9 chaque d\u00e9tail compte\">Read More<\/a><\/div><\/div><\/div><div class=\"fusion-clearfix\"><\/div><\/div>\n<\/article>\n<article id=\"blog-1-post-20910\" class=\"fusion-post-grid post-20910 post type-post status-publish format-standard hentry category-medias\">\n<div class=\"fusion-post-wrapper\" style=\"background-color:var(--awb-color1);border:1px solid var(--awb-color1);border-bottom-width:3px;\"><div class=\"fusion-post-content-wrapper\" style=\"padding:15px 25px 15px 25px;\"><div class=\"fusion-post-content post-content\"><h2 class=\"blog-shortcode-post-title entry-title\"><a href=\"https:\/\/downtownmoncton.com\/fr\/medias\/downtown-moncton-centre-ville-inc-a-lance-la-saison-des-fetes-2024-au-centre-ville-de-moncton\/\">Downtown Moncton Centre-ville Inc. a lanc\u00e9 la saison des f\u00eates 2024 au centre-ville de Moncton<\/a><\/h2><p class=\"fusion-single-line-meta\">By <span class=\"vcard\"><span class=\"fn\"><a href=\"https:\/\/downtownmoncton.com\/fr\/author\/dmci\/\" title=\"Articles par Downtown Moncton Centre-ville\" rel=\"author\">Downtown Moncton Centre-ville<\/a><\/span><\/span><span class=\"fusion-inline-sep\">|<\/span><span class=\"updated\" style=\"display:none;\">2024-11-13T14:52:14-04:00<\/span><span>13 novembre 2024<\/span><span class=\"fusion-inline-sep\">|<\/span><\/p><div class=\"fusion-content-sep sep-none\"><\/div><div class=\"fusion-post-content-container\"><p> COMMUNIQU\u00c9 Downtown Moncton Centre-ville Inc. lance la saison des f\u00eates 2024 !\u00a0 Mercredi, 13 novembre, 2024 \u2013 Moncton Centre-ville ...<\/p><\/div><\/div><div class=\"fusion-meta-info\"><div class=\"fusion-alignleft\"><a class=\"fusion-read-more\" href=\"https:\/\/downtownmoncton.com\/fr\/medias\/downtown-moncton-centre-ville-inc-a-lance-la-saison-des-fetes-2024-au-centre-ville-de-moncton\/\" aria-label=\"More on Downtown Moncton Centre-ville Inc. a lanc\u00e9 la saison des f\u00eates 2024 au centre-ville de Moncton\">Read More<\/a><\/div><\/div><\/div><div class=\"fusion-clearfix\"><\/div><\/div>\n<\/article>\n<article id=\"blog-1-post-19982\" class=\"fusion-post-grid post-19982 post type-post status-publish format-standard hentry category-medias\">\n<div class=\"fusion-post-wrapper\" style=\"background-color:var(--awb-color1);border:1px solid var(--awb-color1);border-bottom-width:3px;\"><div class=\"fusion-post-content-wrapper\" style=\"padding:15px 25px 15px 25px;\"><div class=\"fusion-post-content post-content\"><h2 class=\"blog-shortcode-post-title entry-title\"><a href=\"https:\/\/downtownmoncton.com\/fr\/medias\/accent-downtown-moncton-centre-ville-presente-par-dmci\/\">\u00ab Accent! Downtown Moncton Centre-ville \u00bb pr\u00e9sent\u00e9  par DMCI<\/a><\/h2><p class=\"fusion-single-line-meta\">By <span class=\"vcard\"><span class=\"fn\"><a href=\"https:\/\/downtownmoncton.com\/fr\/author\/dmci\/\" title=\"Articles par Downtown Moncton Centre-ville\" rel=\"author\">Downtown Moncton Centre-ville<\/a><\/span><\/span><span class=\"fusion-inline-sep\">|<\/span><span class=\"updated\" style=\"display:none;\">2024-07-30T08:44:11-03:00<\/span><span>30 juillet 2024<\/span><span class=\"fusion-inline-sep\">|<\/span><\/p><div class=\"fusion-content-sep sep-none\"><\/div><div class=\"fusion-post-content-container\"><p> COMMUNIQU\u00c9\u00a0 \u00ab Accent! Downtown Moncton Centre-ville \u00bb pr\u00e9sent\u00e9 par Downtown Moncton Centre-ville Inc.\u00a0 Moncton centre-ville \u2013 mardi 30 juillet ...<\/p><\/div><\/div><div class=\"fusion-meta-info\"><div class=\"fusion-alignleft\"><a class=\"fusion-read-more\" href=\"https:\/\/downtownmoncton.com\/fr\/medias\/accent-downtown-moncton-centre-ville-presente-par-dmci\/\" aria-label=\"More on \u00ab Accent! Downtown Moncton Centre-ville \u00bb pr\u00e9sent\u00e9  par DMCI\">Read More<\/a><\/div><\/div><\/div><div class=\"fusion-clearfix\"><\/div><\/div>\n<\/article>\n<div class=\"fusion-clearfix\"><\/div><\/div><div class=\"pagination clearfix\"><span class=\"current\">1<\/span><a href=\"https:\/\/downtownmoncton.com\/fr\/wp-json\/wp\/v2\/pages\/9236\/page\/2\/\" class=\"inactive\">2<\/a><a class=\"pagination-next\" rel=\"next\" href=\"https:\/\/downtownmoncton.com\/fr\/wp-json\/wp\/v2\/pages\/9236\/page\/2\/\"><span class=\"page-text\">Suivant<\/span><span class=\"page-next\"><\/span><\/a><\/div><div class=\"fusion-clearfix\"><\/div><\/div><\/div><\/div><\/div><\/div>\n","protected":false},"excerpt":{"rendered":"","protected":false},"author":1,"featured_media":0,"parent":0,"menu_order":0,"comment_status":"closed","ping_status":"closed","template":"100-width.php","meta":{"_monsterinsights_skip_tracking":false,"_monsterinsights_sitenote_active":false,"_monsterinsights_sitenote_note":"","_monsterinsights_sitenote_category":0,"footnotes":""},"class_list":["post-9236","page","type-page","status-publish","hentry"],"yoast_head":"<!-- This site is optimized with the Yoast SEO plugin v27.2 - https:\/\/yoast.com\/product\/yoast-seo-wordpress\/ -->\n<title>M\u00e9dias - Downtown Moncton Centre-ville Inc.<\/title>\n<meta name=\"robots\" content=\"index, follow, max-snippet:-1, max-image-preview:large, max-video-preview:-1\" \/>\n<link rel=\"canonical\" href=\"https:\/\/downtownmoncton.com\/press\/\" \/>\n<meta property=\"og:locale\" content=\"fr_CA\" \/>\n<meta property=\"og:type\" content=\"article\" \/>\n<meta property=\"og:title\" content=\"M\u00e9dias - Downtown Moncton Centre-ville Inc.\" \/>\n<meta property=\"og:url\" content=\"https:\/\/downtownmoncton.com\/press\/\" \/>\n<meta property=\"og:site_name\" content=\"Downtown Moncton Centre-ville Inc.\" \/>\n<meta property=\"article:modified_time\" content=\"2024-01-03T17:34:52+00:00\" \/>\n<meta name=\"twitter:card\" content=\"summary_large_image\" \/>\n<meta name=\"twitter:label1\" content=\"Estimation du temps de lecture\" \/>\n\t<meta name=\"twitter:data1\" content=\"1 minute\" \/>\n<script type=\"application\/ld+json\" class=\"yoast-schema-graph\">{\"@context\":\"https:\/\/schema.org\",\"@graph\":[{\"@type\":\"WebPage\",\"@id\":\"https:\/\/downtownmoncton.com\/press\/\",\"url\":\"https:\/\/downtownmoncton.com\/press\/\",\"name\":\"M\u00e9dias - Downtown Moncton Centre-ville Inc.\",\"isPartOf\":{\"@id\":\"https:\/\/downtownmoncton.com\/#website\"},\"datePublished\":\"2019-03-12T18:33:47+00:00\",\"dateModified\":\"2024-01-03T17:34:52+00:00\",\"breadcrumb\":{\"@id\":\"https:\/\/downtownmoncton.com\/press\/#breadcrumb\"},\"inLanguage\":\"fr-CA\",\"potentialAction\":[{\"@type\":\"ReadAction\",\"target\":[\"https:\/\/downtownmoncton.com\/press\/\"]}]},{\"@type\":\"BreadcrumbList\",\"@id\":\"https:\/\/downtownmoncton.com\/press\/#breadcrumb\",\"itemListElement\":[{\"@type\":\"ListItem\",\"position\":1,\"name\":\"Home\",\"item\":\"https:\/\/downtownmoncton.com\/fr\/\"},{\"@type\":\"ListItem\",\"position\":2,\"name\":\"M\u00e9dias\"}]},{\"@type\":\"WebSite\",\"@id\":\"https:\/\/downtownmoncton.com\/#website\",\"url\":\"https:\/\/downtownmoncton.com\/\",\"name\":\"Downtown Moncton Centre-ville Inc.\",\"description\":\"Dedicated to the heart of Metro Moncton!\",\"potentialAction\":[{\"@type\":\"SearchAction\",\"target\":{\"@type\":\"EntryPoint\",\"urlTemplate\":\"https:\/\/downtownmoncton.com\/?s={search_term_string}\"},\"query-input\":{\"@type\":\"PropertyValueSpecification\",\"valueRequired\":true,\"valueName\":\"search_term_string\"}}],\"inLanguage\":\"fr-CA\"}]}<\/script>\n<!-- \/ Yoast SEO plugin. -->","yoast_head_json":{"title":"M\u00e9dias - Downtown Moncton Centre-ville Inc.","robots":{"index":"index","follow":"follow","max-snippet":"max-snippet:-1","max-image-preview":"max-image-preview:large","max-video-preview":"max-video-preview:-1"},"canonical":"https:\/\/downtownmoncton.com\/press\/","og_locale":"fr_CA","og_type":"article","og_title":"M\u00e9dias - Downtown Moncton Centre-ville Inc.","og_url":"https:\/\/downtownmoncton.com\/press\/","og_site_name":"Downtown Moncton Centre-ville Inc.","article_modified_time":"2024-01-03T17:34:52+00:00","twitter_card":"summary_large_image","twitter_misc":{"Estimation du temps de lecture":"1 minute"},"schema":{"@context":"https:\/\/schema.org","@graph":[{"@type":"WebPage","@id":"https:\/\/downtownmoncton.com\/press\/","url":"https:\/\/downtownmoncton.com\/press\/","name":"M\u00e9dias - Downtown Moncton Centre-ville Inc.","isPartOf":{"@id":"https:\/\/downtownmoncton.com\/#website"},"datePublished":"2019-03-12T18:33:47+00:00","dateModified":"2024-01-03T17:34:52+00:00","breadcrumb":{"@id":"https:\/\/downtownmoncton.com\/press\/#breadcrumb"},"inLanguage":"fr-CA","potentialAction":[{"@type":"ReadAction","target":["https:\/\/downtownmoncton.com\/press\/"]}]},{"@type":"BreadcrumbList","@id":"https:\/\/downtownmoncton.com\/press\/#breadcrumb","itemListElement":[{"@type":"ListItem","position":1,"name":"Home","item":"https:\/\/downtownmoncton.com\/fr\/"},{"@type":"ListItem","position":2,"name":"M\u00e9dias"}]},{"@type":"WebSite","@id":"https:\/\/downtownmoncton.com\/#website","url":"https:\/\/downtownmoncton.com\/","name":"Downtown Moncton Centre-ville Inc.","description":"Dedicated to the heart of Metro Moncton!","potentialAction":[{"@type":"SearchAction","target":{"@type":"EntryPoint","urlTemplate":"https:\/\/downtownmoncton.com\/?s={search_term_string}"},"query-input":{"@type":"PropertyValueSpecification","valueRequired":true,"valueName":"search_term_string"}}],"inLanguage":"fr-CA"}]}},"_links":{"self":[{"href":"https:\/\/downtownmoncton.com\/fr\/wp-json\/wp\/v2\/pages\/9236","targetHints":{"allow":["GET"]}}],"collection":[{"href":"https:\/\/downtownmoncton.com\/fr\/wp-json\/wp\/v2\/pages"}],"about":[{"href":"https:\/\/downtownmoncton.com\/fr\/wp-json\/wp\/v2\/types\/page"}],"author":[{"embeddable":true,"href":"https:\/\/downtownmoncton.com\/fr\/wp-json\/wp\/v2\/users\/1"}],"replies":[{"embeddable":true,"href":"https:\/\/downtownmoncton.com\/fr\/wp-json\/wp\/v2\/comments?post=9236"}],"version-history":[{"count":3,"href":"https:\/\/downtownmoncton.com\/fr\/wp-json\/wp\/v2\/pages\/9236\/revisions"}],"predecessor-version":[{"id":19444,"href":"https:\/\/downtownmoncton.com\/fr\/wp-json\/wp\/v2\/pages\/9236\/revisions\/19444"}],"wp:attachment":[{"href":"https:\/\/downtownmoncton.com\/fr\/wp-json\/wp\/v2\/media?parent=9236"}],"curies":[{"name":"wp","href":"https:\/\/api.w.org\/{rel}","templated":true}]}}