{"id":9179,"date":"2022-06-10T10:14:43","date_gmt":"2022-06-10T13:14:43","guid":{"rendered":"https:\/\/downtownmoncton.com\/?page_id=9179"},"modified":"2025-05-05T07:40:08","modified_gmt":"2025-05-05T10:40:08","slug":"assemblee-generale-annuelle","status":"publish","type":"page","link":"https:\/\/downtownmoncton.com\/fr\/a-notre-sujet\/assemblee-generale-annuelle\/","title":{"rendered":"Assembl\u00e9e G\u00e9n\u00e9rale Annuelle"},"content":{"rendered":"<p><div class=\"fusion-fullwidth fullwidth-box fusion-builder-row-1 fusion-flex-container nonhundred-percent-fullwidth non-hundred-percent-height-scrolling\" style=\"--awb-border-radius-top-left:0px;--awb-border-radius-top-right:0px;--awb-border-radius-bottom-right:0px;--awb-border-radius-bottom-left:0px;--awb-background-color:var(--awb-color1);--awb-flex-wrap:wrap;\" ><div class=\"fusion-builder-row fusion-row fusion-flex-align-items-flex-start fusion-flex-content-wrap\" style=\"max-width:1248px;margin-left: calc(-4% \/ 2 );margin-right: calc(-4% \/ 2 );\"><div class=\"fusion-layout-column fusion_builder_column fusion-builder-column-0 fusion_builder_column_1_4 1_4 fusion-flex-column\" style=\"--awb-bg-blend:overlay;--awb-bg-size:cover;--awb-box-shadow:0px 0px 8px 0px hsla(var(--awb-color8-h),var(--awb-color8-s),calc( var(--awb-color8-l) - 9% ),calc( var(--awb-color8-a) - 95% ));;--awb-border-color:var(--awb-color5);--awb-border-top:3px;--awb-border-style:solid;--awb-width-large:25%;--awb-margin-top-large:25px;--awb-spacing-right-large:5.76%;--awb-margin-bottom-large:10px;--awb-spacing-left-large:7.68%;--awb-width-medium:50%;--awb-spacing-right-medium:2.88%;--awb-spacing-left-medium:3.84%;--awb-width-small:100%;--awb-spacing-right-small:1.92%;--awb-spacing-left-small:1.92%;\"><div class=\"fusion-column-wrapper fusion-column-has-shadow fusion-flex-justify-content-flex-start fusion-content-layout-column\"><div class=\"fusion-title title fusion-title-1 fusion-sep-none fusion-title-center fusion-title-text fusion-title-size-two\" style=\"--awb-margin-top:25px;--awb-margin-bottom:5px;--awb-margin-top-small:25px;--awb-margin-right-small:0px;--awb-margin-bottom-small:5px;--awb-margin-left-small:0px;--awb-font-size:16px;\"><h2 class=\"fusion-title-heading title-heading-center fusion-responsive-typography-calculated\" style=\"margin:0;font-size:1em;--fontSize:16;--minFontSize:16;line-height:var(--awb-typography2-line-height);\">DATE<\/h2><\/div><div class=\"fusion-text fusion-text-1\" style=\"--awb-text-transform:none;\"><p style=\"text-align: center;\">Mardi 22 avril 2025<\/p>\n<\/div><\/div><\/div><div class=\"fusion-layout-column fusion_builder_column fusion-builder-column-1 fusion_builder_column_1_4 1_4 fusion-flex-column\" style=\"--awb-bg-blend:overlay;--awb-bg-size:cover;--awb-box-shadow:0px 0px 8px 0px hsla(var(--awb-color8-h),var(--awb-color8-s),calc( var(--awb-color8-l) - 9% ),calc( var(--awb-color8-a) - 95% ));;--awb-border-color:var(--awb-color5);--awb-border-top:3px;--awb-border-style:solid;--awb-width-large:25%;--awb-margin-top-large:25px;--awb-spacing-right-large:5.76%;--awb-margin-bottom-large:10px;--awb-spacing-left-large:5.76%;--awb-width-medium:50%;--awb-spacing-right-medium:2.88%;--awb-spacing-left-medium:2.88%;--awb-width-small:100%;--awb-spacing-right-small:1.92%;--awb-spacing-left-small:1.92%;\"><div class=\"fusion-column-wrapper fusion-column-has-shadow fusion-flex-justify-content-flex-start fusion-content-layout-column\"><div class=\"fusion-title title fusion-title-2 fusion-sep-none fusion-title-center fusion-title-text fusion-title-size-two\" style=\"--awb-margin-top:25px;--awb-margin-bottom:5px;--awb-margin-top-small:25px;--awb-margin-right-small:0px;--awb-margin-bottom-small:5px;--awb-margin-left-small:0px;--awb-font-size:16px;\"><h2 class=\"fusion-title-heading title-heading-center fusion-responsive-typography-calculated\" style=\"margin:0;font-size:1em;--fontSize:16;--minFontSize:16;line-height:var(--awb-typography2-line-height);\">TEMPS<\/h2><\/div><div class=\"fusion-text fusion-text-2\" style=\"--awb-text-transform:none;\"><p style=\"text-align: center;\">8:30 a.m.<\/p>\n<\/div><\/div><\/div><div class=\"fusion-layout-column fusion_builder_column fusion-builder-column-2 fusion_builder_column_1_4 1_4 fusion-flex-column\" style=\"--awb-bg-blend:overlay;--awb-bg-size:cover;--awb-box-shadow:0px 0px 8px 0px hsla(var(--awb-color8-h),var(--awb-color8-s),calc( var(--awb-color8-l) - 9% ),calc( var(--awb-color8-a) - 95% ));;--awb-border-color:var(--awb-color5);--awb-border-top:3px;--awb-border-style:solid;--awb-width-large:25%;--awb-margin-top-large:25px;--awb-spacing-right-large:5.76%;--awb-margin-bottom-large:10px;--awb-spacing-left-large:5.76%;--awb-width-medium:50%;--awb-spacing-right-medium:2.88%;--awb-spacing-left-medium:2.88%;--awb-width-small:100%;--awb-spacing-right-small:1.92%;--awb-spacing-left-small:1.92%;\"><div class=\"fusion-column-wrapper fusion-column-has-shadow fusion-flex-justify-content-flex-start fusion-content-layout-column\"><div class=\"fusion-title title fusion-title-3 fusion-sep-none fusion-title-center fusion-title-text fusion-title-size-two\" style=\"--awb-margin-top:25px;--awb-margin-bottom:5px;--awb-margin-top-small:25px;--awb-margin-right-small:0px;--awb-margin-bottom-small:5px;--awb-margin-left-small:0px;--awb-font-size:16px;\"><h2 class=\"fusion-title-heading title-heading-center fusion-responsive-typography-calculated\" style=\"margin:0;font-size:1em;--fontSize:16;--minFontSize:16;line-height:var(--awb-typography2-line-height);\">LIEU<\/h2><\/div><div class=\"fusion-text fusion-text-3\" style=\"--awb-text-transform:none;\"><p style=\"text-align: center;\">Hilton Garden Inn<\/p>\n<\/div><\/div><\/div><div class=\"fusion-layout-column fusion_builder_column fusion-builder-column-3 fusion_builder_column_1_4 1_4 fusion-flex-column\" style=\"--awb-bg-blend:overlay;--awb-bg-size:cover;--awb-box-shadow:0px 0px 8px 0px hsla(var(--awb-color8-h),var(--awb-color8-s),calc( var(--awb-color8-l) - 9% ),calc( var(--awb-color8-a) - 95% ));;--awb-border-color:var(--awb-color5);--awb-border-top:3px;--awb-border-style:solid;--awb-width-large:25%;--awb-margin-top-large:25px;--awb-spacing-right-large:7.68%;--awb-margin-bottom-large:10px;--awb-spacing-left-large:5.76%;--awb-width-medium:50%;--awb-order-medium:0;--awb-spacing-right-medium:3.84%;--awb-spacing-left-medium:2.88%;--awb-width-small:100%;--awb-order-small:0;--awb-spacing-right-small:1.92%;--awb-spacing-left-small:1.92%;\"><div class=\"fusion-column-wrapper fusion-column-has-shadow fusion-flex-justify-content-flex-start fusion-content-layout-column\"><div class=\"fusion-title title fusion-title-4 fusion-sep-none fusion-title-center fusion-title-text fusion-title-size-two\" style=\"--awb-margin-top:25px;--awb-margin-bottom:5px;--awb-margin-top-small:25px;--awb-margin-right-small:0px;--awb-margin-bottom-small:5px;--awb-margin-left-small:0px;--awb-font-size:16px;\"><h2 class=\"fusion-title-heading title-heading-center fusion-responsive-typography-calculated\" style=\"margin:0;font-size:1em;--fontSize:16;--minFontSize:16;line-height:var(--awb-typography2-line-height);\">INSCRIPTION<\/h2><\/div><div class=\"fusion-text fusion-text-4\" style=\"--awb-text-transform:none;\"><p style=\"text-align: center;\">Ferm\u00e9e<\/p>\n<\/div><\/div><\/div><\/div><\/div><div class=\"fusion-fullwidth fullwidth-box fusion-builder-row-2 fusion-flex-container has-pattern-background has-mask-background nonhundred-percent-fullwidth non-hundred-percent-height-scrolling\" style=\"--awb-border-radius-top-left:0px;--awb-border-radius-top-right:0px;--awb-border-radius-bottom-right:0px;--awb-border-radius-bottom-left:0px;--awb-margin-top:24px;--awb-flex-wrap:wrap;\" ><div class=\"fusion-builder-row fusion-row fusion-flex-align-items-flex-start fusion-flex-content-wrap\" style=\"max-width:1248px;margin-left: calc(-4% \/ 2 );margin-right: calc(-4% \/ 2 );\"><div class=\"fusion-layout-column fusion_builder_column fusion-builder-column-4 fusion_builder_column_2_3 2_3 fusion-flex-column\" style=\"--awb-bg-size:cover;--awb-width-large:66.666666666667%;--awb-margin-top-large:10px;--awb-spacing-right-large:2.88%;--awb-margin-bottom-large:10px;--awb-spacing-left-large:2.88%;--awb-width-medium:100%;--awb-order-medium:0;--awb-spacing-right-medium:1.92%;--awb-spacing-left-medium:1.92%;--awb-width-small:100%;--awb-order-small:0;--awb-spacing-right-small:1.92%;--awb-spacing-left-small:1.92%;\"><div class=\"fusion-column-wrapper fusion-column-has-shadow fusion-flex-justify-content-flex-start fusion-content-layout-column\"><div class=\"fusion-text fusion-text-5\" style=\"--awb-text-transform:none;\"><h2 class=\"fusion-responsive-typography-calculated\" data-fontsize=\"25\" data-lineheight=\"37.5px\">Assembl\u00e9e G\u00e9n\u00e9rale Annuelle de DMCI aura lieu Mardi le 22 avril \u2013 08h30<\/h2>\n<p>Bienvenue \u00e0 l\u2019Assembl\u00e9e g\u00e9n\u00e9rale annuelle de Downtown Moncton Centre-Ville Inc. ! Venez nous rejoindre en personne au Hilton Garden Inn pour notre assembl\u00e9e g\u00e9n\u00e9rale annuelle.<\/p>\n<p>Cet \u00e9v\u00e9nement est une excellente occasion de rencontrer d\u2019autres membres et d\u2019en apprendre davantage sur les progr\u00e8s de notre organisation. Au plaisir de vous y voir !<\/p>\n<\/div><\/div><\/div><div class=\"fusion-layout-column fusion_builder_column fusion-builder-column-5 fusion_builder_column_1_3 1_3 fusion-flex-column\" style=\"--awb-bg-size:cover;--awb-width-large:33.333333333333%;--awb-margin-top-large:10px;--awb-spacing-right-large:5.76%;--awb-margin-bottom-large:10px;--awb-spacing-left-large:5.76%;--awb-width-medium:100%;--awb-order-medium:0;--awb-spacing-right-medium:1.92%;--awb-spacing-left-medium:1.92%;--awb-width-small:100%;--awb-order-small:0;--awb-spacing-right-small:1.92%;--awb-spacing-left-small:1.92%;\"><div class=\"fusion-column-wrapper fusion-column-has-shadow fusion-flex-justify-content-flex-start fusion-content-layout-column\"><div class=\"fusion-text fusion-text-6\" style=\"--awb-content-alignment:center;--awb-text-transform:none;\"><h3>Rapport annuel<\/h3>\n<\/div><div class=\"fusion-image-element \" style=\"text-align:center;--awb-caption-title-font-family:var(--h2_typography-font-family);--awb-caption-title-font-weight:var(--h2_typography-font-weight);--awb-caption-title-font-style:var(--h2_typography-font-style);--awb-caption-title-size:var(--h2_typography-font-size);--awb-caption-title-transform:var(--h2_typography-text-transform);--awb-caption-title-line-height:var(--h2_typography-line-height);--awb-caption-title-letter-spacing:var(--h2_typography-letter-spacing);\"><span class=\" fusion-imageframe imageframe-none imageframe-1 hover-type-none\"><a class=\"fusion-no-lightbox\" href=\"https:\/\/downtownmoncton.com\/wp-content\/uploads\/2025\/04\/DMCI-Annual-Report-2025_Compressed.pdf\" target=\"_blank\" aria-label=\"DMCI Annual Report 2025\" rel=\"noopener noreferrer\"><img decoding=\"async\" width=\"2412\" height=\"1357\" src=\"https:\/\/downtownmoncton.com\/wp-content\/uploads\/2025\/04\/DMCI-Annual-Report-2025_Compressed-1.jpg\" alt class=\"img-responsive wp-image-21664\" srcset=\"https:\/\/downtownmoncton.com\/wp-content\/uploads\/2025\/04\/DMCI-Annual-Report-2025_Compressed-1-200x113.jpg 200w, https:\/\/downtownmoncton.com\/wp-content\/uploads\/2025\/04\/DMCI-Annual-Report-2025_Compressed-1-400x225.jpg 400w, https:\/\/downtownmoncton.com\/wp-content\/uploads\/2025\/04\/DMCI-Annual-Report-2025_Compressed-1-600x338.jpg 600w, https:\/\/downtownmoncton.com\/wp-content\/uploads\/2025\/04\/DMCI-Annual-Report-2025_Compressed-1-800x450.jpg 800w, https:\/\/downtownmoncton.com\/wp-content\/uploads\/2025\/04\/DMCI-Annual-Report-2025_Compressed-1-1200x675.jpg 1200w, https:\/\/downtownmoncton.com\/wp-content\/uploads\/2025\/04\/DMCI-Annual-Report-2025_Compressed-1.jpg 2412w\" sizes=\"(max-width: 1024px) 100vw, (max-width: 640px) 100vw, 400px\" \/><\/a><\/span><\/div><ul style=\"--awb-line-height:27.2px;--awb-icon-width:27.2px;--awb-icon-height:27.2px;--awb-icon-margin:11.2px;--awb-content-margin:38.4px;\" class=\"fusion-checklist fusion-checklist-1 fusion-checklist-default fusion-checklist-divider type-icons\"><li class=\"fusion-li-item\" style=\"\"><span class=\"icon-wrapper circle-no\"><i class=\"fusion-li-icon fa-file-pdf fas\" aria-hidden=\"true\"><\/i><\/span><div class=\"fusion-li-item-content\">\n<p style=\"text-align: center;\"><a href=\"https:\/\/downtownmoncton.com\/wp-content\/uploads\/2025\/04\/DMCI-Annual-Report-2025_Compressed.pdf\" target=\"_blank\" rel=\"noopener\">2025 \u2013 Rapport annuel<\/a><\/p>\n<\/div><\/li><li class=\"fusion-li-item\" style=\"\"><span class=\"icon-wrapper circle-no\"><i class=\"fusion-li-icon fa-file-pdf fas\" aria-hidden=\"true\"><\/i><\/span><div class=\"fusion-li-item-content\">\n<p style=\"text-align: center;\"><a href=\"https:\/\/downtownmoncton.com\/wp-content\/uploads\/2025\/04\/2025-AGM-Agenda.pdf\" target=\"_blank\" rel=\"noopener\">2025 \u2013 Ordre du jour<\/a><\/p>\n<\/div><\/li><li class=\"fusion-li-item\" style=\"\"><span class=\"icon-wrapper circle-no\"><i class=\"fusion-li-icon fa-file-pdf fas\" aria-hidden=\"true\"><\/i><\/span><div class=\"fusion-li-item-content\">\n<p style=\"text-align: center;\"><a href=\"https:\/\/downtownmoncton.com\/wp-content\/uploads\/2025\/05\/2024-French-FS-Downtown-Moncton-Centre-Ville-Inc.pdf\" target=\"_blank\" rel=\"noopener\">2024 \u2013 \u00c9tats financiers<\/a><\/p>\n<\/div><\/li><li class=\"fusion-li-item\" style=\"\"><span class=\"icon-wrapper circle-no\"><i class=\"fusion-li-icon fa-file-pdf fas\" aria-hidden=\"true\"><\/i><\/span><div class=\"fusion-li-item-content\">\n<p style=\"text-align: center;\"><a href=\"https:\/\/downtownmoncton.com\/wp-content\/uploads\/2025\/04\/AGM-2024-Minutes-.pdf\" target=\"_blank\" rel=\"noopener\">2024 \u2013 Minutes<\/a><\/p>\n<\/div><\/li><\/ul><\/div><\/div><\/div><\/div><\/p>\n","protected":false},"excerpt":{"rendered":"","protected":false},"author":1,"featured_media":0,"parent":9226,"menu_order":0,"comment_status":"closed","ping_status":"closed","template":"100-width.php","meta":{"_monsterinsights_skip_tracking":false,"_monsterinsights_sitenote_active":false,"_monsterinsights_sitenote_note":"","_monsterinsights_sitenote_category":0,"footnotes":""},"class_list":["post-9179","page","type-page","status-publish","hentry"],"yoast_head":"<!-- This site is optimized with the Yoast SEO plugin v27.3 - https:\/\/yoast.com\/product\/yoast-seo-wordpress\/ -->\n<title>Assembl\u00e9e G\u00e9n\u00e9rale Annuelle - Downtown Moncton Centre-ville Inc.<\/title>\n<meta name=\"robots\" content=\"index, follow, max-snippet:-1, max-image-preview:large, max-video-preview:-1\" \/>\n<link rel=\"canonical\" href=\"https:\/\/downtownmoncton.com\/fr\/a-notre-sujet\/assemblee-generale-annuelle\/\" \/>\n<meta property=\"og:locale\" content=\"fr_CA\" \/>\n<meta property=\"og:type\" content=\"article\" \/>\n<meta property=\"og:title\" content=\"Assembl\u00e9e G\u00e9n\u00e9rale Annuelle - Downtown Moncton Centre-ville Inc.\" \/>\n<meta property=\"og:url\" content=\"https:\/\/downtownmoncton.com\/fr\/a-notre-sujet\/assemblee-generale-annuelle\/\" \/>\n<meta property=\"og:site_name\" content=\"Downtown Moncton Centre-ville Inc.\" \/>\n<meta property=\"article:modified_time\" content=\"2025-05-05T10:40:08+00:00\" \/>\n<meta name=\"twitter:card\" content=\"summary_large_image\" \/>\n<meta name=\"twitter:label1\" content=\"Estimation du temps de lecture\" \/>\n\t<meta name=\"twitter:data1\" content=\"1 minute\" \/>\n<script type=\"application\/ld+json\" class=\"yoast-schema-graph\">{\"@context\":\"https:\\\/\\\/schema.org\",\"@graph\":[{\"@type\":\"WebPage\",\"@id\":\"https:\\\/\\\/downtownmoncton.com\\\/fr\\\/a-notre-sujet\\\/assemblee-generale-annuelle\\\/\",\"url\":\"https:\\\/\\\/downtownmoncton.com\\\/fr\\\/a-notre-sujet\\\/assemblee-generale-annuelle\\\/\",\"name\":\"Assembl\u00e9e G\u00e9n\u00e9rale Annuelle - Downtown Moncton Centre-ville Inc.\",\"isPartOf\":{\"@id\":\"https:\\\/\\\/downtownmoncton.com\\\/#website\"},\"datePublished\":\"2022-06-10T13:14:43+00:00\",\"dateModified\":\"2025-05-05T10:40:08+00:00\",\"breadcrumb\":{\"@id\":\"https:\\\/\\\/downtownmoncton.com\\\/fr\\\/a-notre-sujet\\\/assemblee-generale-annuelle\\\/#breadcrumb\"},\"inLanguage\":\"fr-CA\",\"potentialAction\":[{\"@type\":\"ReadAction\",\"target\":[\"https:\\\/\\\/downtownmoncton.com\\\/fr\\\/a-notre-sujet\\\/assemblee-generale-annuelle\\\/\"]}]},{\"@type\":\"BreadcrumbList\",\"@id\":\"https:\\\/\\\/downtownmoncton.com\\\/fr\\\/a-notre-sujet\\\/assemblee-generale-annuelle\\\/#breadcrumb\",\"itemListElement\":[{\"@type\":\"ListItem\",\"position\":1,\"name\":\"Home\",\"item\":\"https:\\\/\\\/downtownmoncton.com\\\/fr\\\/\"},{\"@type\":\"ListItem\",\"position\":2,\"name\":\"\u00c0 notre sujet\",\"item\":\"https:\\\/\\\/downtownmoncton.com\\\/fr\\\/a-notre-sujet\\\/\"},{\"@type\":\"ListItem\",\"position\":3,\"name\":\"Assembl\u00e9e G\u00e9n\u00e9rale Annuelle\"}]},{\"@type\":\"WebSite\",\"@id\":\"https:\\\/\\\/downtownmoncton.com\\\/#website\",\"url\":\"https:\\\/\\\/downtownmoncton.com\\\/\",\"name\":\"Downtown Moncton Centre-ville Inc.\",\"description\":\"Dedicated to the heart of Metro Moncton!\",\"potentialAction\":[{\"@type\":\"SearchAction\",\"target\":{\"@type\":\"EntryPoint\",\"urlTemplate\":\"https:\\\/\\\/downtownmoncton.com\\\/?s={search_term_string}\"},\"query-input\":{\"@type\":\"PropertyValueSpecification\",\"valueRequired\":true,\"valueName\":\"search_term_string\"}}],\"inLanguage\":\"fr-CA\"}]}<\/script>\n<!-- \/ Yoast SEO plugin. -->","yoast_head_json":{"title":"Assembl\u00e9e G\u00e9n\u00e9rale Annuelle - Downtown Moncton Centre-ville Inc.","robots":{"index":"index","follow":"follow","max-snippet":"max-snippet:-1","max-image-preview":"max-image-preview:large","max-video-preview":"max-video-preview:-1"},"canonical":"https:\/\/downtownmoncton.com\/fr\/a-notre-sujet\/assemblee-generale-annuelle\/","og_locale":"fr_CA","og_type":"article","og_title":"Assembl\u00e9e G\u00e9n\u00e9rale Annuelle - Downtown Moncton Centre-ville Inc.","og_url":"https:\/\/downtownmoncton.com\/fr\/a-notre-sujet\/assemblee-generale-annuelle\/","og_site_name":"Downtown Moncton Centre-ville Inc.","article_modified_time":"2025-05-05T10:40:08+00:00","twitter_card":"summary_large_image","twitter_misc":{"Estimation du temps de lecture":"1 minute"},"schema":{"@context":"https:\/\/schema.org","@graph":[{"@type":"WebPage","@id":"https:\/\/downtownmoncton.com\/fr\/a-notre-sujet\/assemblee-generale-annuelle\/","url":"https:\/\/downtownmoncton.com\/fr\/a-notre-sujet\/assemblee-generale-annuelle\/","name":"Assembl\u00e9e G\u00e9n\u00e9rale Annuelle - Downtown Moncton Centre-ville Inc.","isPartOf":{"@id":"https:\/\/downtownmoncton.com\/#website"},"datePublished":"2022-06-10T13:14:43+00:00","dateModified":"2025-05-05T10:40:08+00:00","breadcrumb":{"@id":"https:\/\/downtownmoncton.com\/fr\/a-notre-sujet\/assemblee-generale-annuelle\/#breadcrumb"},"inLanguage":"fr-CA","potentialAction":[{"@type":"ReadAction","target":["https:\/\/downtownmoncton.com\/fr\/a-notre-sujet\/assemblee-generale-annuelle\/"]}]},{"@type":"BreadcrumbList","@id":"https:\/\/downtownmoncton.com\/fr\/a-notre-sujet\/assemblee-generale-annuelle\/#breadcrumb","itemListElement":[{"@type":"ListItem","position":1,"name":"Home","item":"https:\/\/downtownmoncton.com\/fr\/"},{"@type":"ListItem","position":2,"name":"\u00c0 notre sujet","item":"https:\/\/downtownmoncton.com\/fr\/a-notre-sujet\/"},{"@type":"ListItem","position":3,"name":"Assembl\u00e9e G\u00e9n\u00e9rale Annuelle"}]},{"@type":"WebSite","@id":"https:\/\/downtownmoncton.com\/#website","url":"https:\/\/downtownmoncton.com\/","name":"Downtown Moncton Centre-ville Inc.","description":"Dedicated to the heart of Metro Moncton!","potentialAction":[{"@type":"SearchAction","target":{"@type":"EntryPoint","urlTemplate":"https:\/\/downtownmoncton.com\/?s={search_term_string}"},"query-input":{"@type":"PropertyValueSpecification","valueRequired":true,"valueName":"search_term_string"}}],"inLanguage":"fr-CA"}]}},"_links":{"self":[{"href":"https:\/\/downtownmoncton.com\/fr\/wp-json\/wp\/v2\/pages\/9179","targetHints":{"allow":["GET"]}}],"collection":[{"href":"https:\/\/downtownmoncton.com\/fr\/wp-json\/wp\/v2\/pages"}],"about":[{"href":"https:\/\/downtownmoncton.com\/fr\/wp-json\/wp\/v2\/types\/page"}],"author":[{"embeddable":true,"href":"https:\/\/downtownmoncton.com\/fr\/wp-json\/wp\/v2\/users\/1"}],"replies":[{"embeddable":true,"href":"https:\/\/downtownmoncton.com\/fr\/wp-json\/wp\/v2\/comments?post=9179"}],"version-history":[{"count":25,"href":"https:\/\/downtownmoncton.com\/fr\/wp-json\/wp\/v2\/pages\/9179\/revisions"}],"predecessor-version":[{"id":21732,"href":"https:\/\/downtownmoncton.com\/fr\/wp-json\/wp\/v2\/pages\/9179\/revisions\/21732"}],"up":[{"embeddable":true,"href":"https:\/\/downtownmoncton.com\/fr\/wp-json\/wp\/v2\/pages\/9226"}],"wp:attachment":[{"href":"https:\/\/downtownmoncton.com\/fr\/wp-json\/wp\/v2\/media?parent=9179"}],"curies":[{"name":"wp","href":"https:\/\/api.w.org\/{rel}","templated":true}]}}