{"id":22338,"date":"2025-09-10T08:41:04","date_gmt":"2025-09-10T11:41:04","guid":{"rendered":"https:\/\/downtownmoncton.com\/?page_id=22338"},"modified":"2026-01-07T06:38:33","modified_gmt":"2026-01-07T10:38:33","slug":"accent-mini","status":"publish","type":"page","link":"https:\/\/downtownmoncton.com\/fr\/accent-mini\/","title":{"rendered":"Accent Mini"},"content":{"rendered":"<p><div class=\"fusion-fullwidth fullwidth-box fusion-builder-row-1 fusion-flex-container nonhundred-percent-fullwidth non-hundred-percent-height-scrolling\" style=\"--awb-border-radius-top-left:0px;--awb-border-radius-top-right:0px;--awb-border-radius-bottom-right:0px;--awb-border-radius-bottom-left:0px;--awb-flex-wrap:wrap;\" ><div class=\"fusion-builder-row fusion-row fusion-flex-align-items-flex-start fusion-flex-content-wrap\" style=\"max-width:1248px;margin-left: calc(-4% \/ 2 );margin-right: calc(-4% \/ 2 );\"><div class=\"fusion-layout-column fusion_builder_column fusion-builder-column-0 fusion_builder_column_1_1 1_1 fusion-flex-column\" style=\"--awb-bg-size:cover;--awb-width-large:100%;--awb-margin-top-large:10px;--awb-spacing-right-large:1.92%;--awb-margin-bottom-large:10px;--awb-spacing-left-large:1.92%;--awb-width-medium:100%;--awb-order-medium:0;--awb-spacing-right-medium:1.92%;--awb-spacing-left-medium:1.92%;--awb-width-small:100%;--awb-order-small:0;--awb-spacing-right-small:1.92%;--awb-spacing-left-small:1.92%;\"><div class=\"fusion-column-wrapper fusion-column-has-shadow fusion-flex-justify-content-flex-start fusion-content-layout-column\"><div class=\"fusion-text fusion-text-1 fusion-text-no-margin\" style=\"--awb-content-alignment:center;--awb-text-transform:none;--awb-margin-bottom:32px;\"><h1><span style=\"color: #ee1a66;\"><strong>PETIT ART. GRAND IMPACT!<\/strong><\/span><\/h1>\n<\/div><div class=\"fusion-text fusion-text-2 fusion-text-no-margin\" style=\"--awb-content-alignment:left;--awb-text-transform:none;--awb-margin-bottom:24px;\"><p><span style=\"font-weight: 400;\">Accent! Mini pr\u00e9sente des galeries de petite taille, en rotation, install\u00e9es dans des commerces inattendus du centre-ville. Chaque micro-galerie met en valeur des artistes locaux et une vari\u00e9t\u00e9 de m\u00e9diums, avec de nouvelles \u0153uvres ajout\u00e9es tout au long de l\u2019ann\u00e9e. Revenez souvent.<\/span><\/p>\n<p><span style=\"font-weight: 400;\">Le meilleur dans tout \u00e7a? <\/span><b>100 % des ventes vont directement aux artistes.<\/b><\/p>\n<\/div><\/div><\/div><div class=\"fusion-layout-column fusion_builder_column fusion-builder-column-1 fusion_builder_column_1_2 1_2 fusion-flex-column\" style=\"--awb-bg-size:cover;--awb-width-large:50%;--awb-margin-top-large:10px;--awb-spacing-right-large:3.84%;--awb-margin-bottom-large:10px;--awb-spacing-left-large:3.84%;--awb-width-medium:100%;--awb-order-medium:0;--awb-spacing-right-medium:1.92%;--awb-spacing-left-medium:1.92%;--awb-width-small:100%;--awb-order-small:0;--awb-spacing-right-small:1.92%;--awb-spacing-left-small:1.92%;\"><div class=\"fusion-column-wrapper fusion-column-has-shadow fusion-flex-justify-content-flex-start fusion-content-layout-column\"><div style=\"text-align:center;\"><a class=\"fusion-button button-flat fusion-button-default-size button-default fusion-button-default button-1 fusion-button-default-span fusion-button-default-type\" style=\"--awb-margin-top:7px;\" target=\"_blank\" rel=\"noopener noreferrer\" href=\"https:\/\/www.brightbrine.ca\/accentmini\"><span class=\"fusion-button-text awb-button__text awb-button__text--default\">D\u00e9couvrez nos 5 emplacements!<\/span><\/a><\/div><\/div><\/div><div class=\"fusion-layout-column fusion_builder_column fusion-builder-column-2 fusion_builder_column_1_2 1_2 fusion-flex-column\" style=\"--awb-bg-size:cover;--awb-width-large:50%;--awb-margin-top-large:10px;--awb-spacing-right-large:3.84%;--awb-margin-bottom-large:10px;--awb-spacing-left-large:3.84%;--awb-width-medium:100%;--awb-order-medium:0;--awb-spacing-right-medium:1.92%;--awb-spacing-left-medium:1.92%;--awb-width-small:100%;--awb-order-small:0;--awb-spacing-right-small:1.92%;--awb-spacing-left-small:1.92%;\"><div class=\"fusion-column-wrapper fusion-column-has-shadow fusion-flex-justify-content-flex-start fusion-content-layout-column\"><div style=\"text-align:center;\"><a class=\"fusion-button button-flat fusion-button-default-size button-default fusion-button-default button-2 fusion-button-default-span fusion-button-default-type\" style=\"--awb-margin-top:7px;\" target=\"_blank\" rel=\"noopener noreferrer\" href=\"https:\/\/downtownmoncton.com\/wp-content\/uploads\/2025\/12\/DMCI-Accent-MINI-Map-2025.pdf\"><span class=\"fusion-button-text awb-button__text awb-button__text--default\">T\u00c9L\u00c9CHARGER LA CARTE<\/span><\/a><\/div><\/div><\/div><div class=\"fusion-layout-column fusion_builder_column fusion-builder-column-3 fusion_builder_column_1_1 1_1 fusion-flex-column\" style=\"--awb-bg-size:cover;--awb-width-large:100%;--awb-margin-top-large:48px;--awb-spacing-right-large:1.92%;--awb-margin-bottom-large:10px;--awb-spacing-left-large:1.92%;--awb-width-medium:100%;--awb-order-medium:0;--awb-spacing-right-medium:1.92%;--awb-spacing-left-medium:1.92%;--awb-width-small:100%;--awb-order-small:0;--awb-spacing-right-small:1.92%;--awb-spacing-left-small:1.92%;\" data-scroll-devices=\"small-visibility,medium-visibility,large-visibility\"><div class=\"fusion-column-wrapper fusion-column-has-shadow fusion-flex-justify-content-flex-start fusion-content-layout-column\"><div class=\"fusion-text fusion-text-3 fusion-text-no-margin\" style=\"--awb-content-alignment:center;--awb-text-transform:none;--awb-margin-bottom:32px;\"><h1><span style=\"color: #ee1a66;\"><strong>ACCENT! MINI : APPEL DE CANDIDATURES<\/strong><\/span><\/h1>\n<\/div><div class=\"fusion-text fusion-text-4 fusion-text-no-margin\" style=\"--awb-content-alignment:left;--awb-text-transform:none;--awb-margin-bottom:24px;\"><p><span style=\"font-weight: 400;\">Accent! Mini est une nouvelle s\u00e9rie de cinq petites galeries qui ouvriront leurs portes au centre-ville de Moncton d\u00e8s octobre, pr\u00e9sent\u00e9e par DMCI et la galerie Bright &amp; Brine Fine Art. Notre objectif est de mettre en valeur l\u2019incroyable diversit\u00e9 de l\u2019art local dans des lieux accessibles au quotidien.<\/span><\/p>\n<p><span style=\"font-weight: 400;\">Que vous soyez \u00e9tudiant, artiste \u00e9mergent ou professionnel \u00e9tabli, Accent! Mini est votre chance d\u2019exposer vos \u0153uvres dans un cadre unique au centre-ville.<\/span><\/p>\n<h3><strong>Ce que nous recherchons :<\/strong><\/h3>\n<ul>\n<li style=\"font-weight: 400;\" aria-level=\"1\"><span style=\"font-weight: 400;\">Des \u0153uvres d\u2019un maximum de 5 pouces cubes (pour s\u2019adapter aux vitrines). Des pi\u00e8ces allant jusqu\u2019\u00e0 8 pouces cubes peuvent \u00eatre accept\u00e9es au cas par cas, mais la priorit\u00e9 sera donn\u00e9e aux petits formats.<\/span><\/li>\n<li style=\"font-weight: 400;\" aria-level=\"1\"><span style=\"font-weight: 400;\">Une grande vari\u00e9t\u00e9 de m\u00e9diums : peinture, sculpture, c\u00e9ramique, textile, photographie (imprim\u00e9e) et arts mixtes.<\/span><\/li>\n<li style=\"font-weight: 400;\" aria-level=\"1\"><span style=\"font-weight: 400;\">Des \u0153uvres originales, pr\u00eates \u00e0 \u00eatre expos\u00e9es. (Les fichiers num\u00e9riques non imprim\u00e9s ne sont pas accept\u00e9s. Si vous souhaitez obtenir de l\u2019aide pour l\u2019impression, veuillez \u00e9crire \u00e0 kathryn@brightbrine.ca.)<\/span><\/li>\n<li style=\"font-weight: 400;\" aria-level=\"1\"><span style=\"font-weight: 400;\">Admissibilit\u00e9 : Accent! Mini est ouvert aux artistes \u00e2g\u00e9s de 16 ans et plus r\u00e9sidant au Nouveau-Brunswick (\u00e9tudiants, artistes \u00e9mergents et professionnels). Les artistes de l\u2019ext\u00e9rieur du NB pourront \u00eatre consid\u00e9r\u00e9s selon l\u2019espace disponible.<\/span><\/li>\n<\/ul>\n<h3><span style=\"color: #ee1965;\"><strong>Fonctionnement :<\/strong><\/span><\/h3>\n<ul>\n<li style=\"font-weight: 400;\" aria-level=\"1\"><span style=\"font-weight: 400;\">Cinq galeries Accent! Mini seront install\u00e9es dans des commerces du centre-ville.<\/span><\/li>\n<li style=\"font-weight: 400;\" aria-level=\"1\"><span style=\"font-weight: 400;\">Chaque galerie sera renouvel\u00e9e chaque trimestre, offrant de nouvelles occasions d\u2019exposition.<\/span><\/li>\n<li style=\"font-weight: 400;\" aria-level=\"1\"><span style=\"font-weight: 400;\">Les \u0153uvres seront accompagn\u00e9es d\u2019un code QR menant directement \u00e0 brightbrine.ca pour l\u2019achat.<\/span><\/li>\n<li style=\"font-weight: 400;\" aria-level=\"1\"><span style=\"font-weight: 400;\">Chaque artiste fixe le prix de vente de son \u0153uvre et envoie une facture \u00e0 Bright &amp; Brine apr\u00e8s la vente.<\/span><\/li>\n<li style=\"font-weight: 400;\" aria-level=\"1\"><span style=\"font-weight: 400;\">Les acheteurs r\u00e9cup\u00e8rent leur \u0153uvre achet\u00e9e \u00e0 la galerie Bright &amp; Brine Fine Art.<\/span><\/li>\n<li style=\"font-weight: 400;\" aria-level=\"1\"><span style=\"font-weight: 400;\">Gr\u00e2ce au soutien de DMCI, de Bright &amp; Brine et des commerces h\u00f4tes, 100 % du prix de vente revient \u00e0 l\u2019artiste.<\/span><\/li>\n<\/ul>\n<h3><span style=\"font-weight: 400;\">Visitez <a href=\"http:\/\/brightbrine.ca\/accentmini\" target=\"_blank\" rel=\"noopener\"><b>BrightBrine.ca\/accentmini<\/b><\/a> pour plus d\u2019informations et pour poser votre candidature d\u00e8s aujourd\u2019hui !<\/span><\/h3>\n<p><span style=\"font-weight: 400;\">Pour toute question, veuillez contacter <a href=\"mailto:kathryn@brightbrine.ca\">kathryn@brightbrine.ca<\/a><\/span><\/p>\n<\/div><\/div><\/div><\/div><\/div><div class=\"fusion-fullwidth fullwidth-box fusion-builder-row-2 fusion-flex-container has-pattern-background has-mask-background nonhundred-percent-fullwidth non-hundred-percent-height-scrolling\" style=\"--awb-border-radius-top-left:0px;--awb-border-radius-top-right:0px;--awb-border-radius-bottom-right:0px;--awb-border-radius-bottom-left:0px;--awb-flex-wrap:wrap;\" ><div class=\"fusion-builder-row fusion-row fusion-flex-align-items-flex-start fusion-flex-content-wrap\" style=\"max-width:1248px;margin-left: calc(-4% \/ 2 );margin-right: calc(-4% \/ 2 );\"><div class=\"fusion-layout-column fusion_builder_column fusion-builder-column-4 fusion_builder_column_1_1 1_1 fusion-flex-column\" style=\"--awb-bg-size:cover;--awb-width-large:100%;--awb-margin-top-large:10px;--awb-spacing-right-large:1.92%;--awb-margin-bottom-large:10px;--awb-spacing-left-large:1.92%;--awb-width-medium:100%;--awb-order-medium:0;--awb-spacing-right-medium:1.92%;--awb-spacing-left-medium:1.92%;--awb-width-small:100%;--awb-order-small:0;--awb-spacing-right-small:1.92%;--awb-spacing-left-small:1.92%;\"><div class=\"fusion-column-wrapper fusion-column-has-shadow fusion-flex-justify-content-flex-start fusion-content-layout-column\"><div class=\"fusion-text fusion-text-5\" style=\"--awb-content-alignment:center;--awb-text-transform:none;\"><h2>Collaborations cr\u00e9atives<\/h2>\n<\/div><\/div><\/div><div class=\"fusion-layout-column fusion_builder_column fusion-builder-column-5 fusion_builder_column_1_4 1_4 fusion-flex-column\" style=\"--awb-bg-size:cover;--awb-width-large:25%;--awb-margin-top-large:10px;--awb-spacing-right-large:7.68%;--awb-margin-bottom-large:10px;--awb-spacing-left-large:7.68%;--awb-width-medium:100%;--awb-order-medium:0;--awb-spacing-right-medium:1.92%;--awb-spacing-left-medium:1.92%;--awb-width-small:100%;--awb-order-small:0;--awb-spacing-right-small:1.92%;--awb-spacing-left-small:1.92%;\"><div class=\"fusion-column-wrapper fusion-column-has-shadow fusion-flex-justify-content-flex-start fusion-content-layout-column\"><div class=\"fusion-image-element \" style=\"text-align:center;--awb-caption-title-font-family:var(--h2_typography-font-family);--awb-caption-title-font-weight:var(--h2_typography-font-weight);--awb-caption-title-font-style:var(--h2_typography-font-style);--awb-caption-title-size:var(--h2_typography-font-size);--awb-caption-title-transform:var(--h2_typography-text-transform);--awb-caption-title-line-height:var(--h2_typography-line-height);--awb-caption-title-letter-spacing:var(--h2_typography-letter-spacing);\"><span class=\" fusion-imageframe imageframe-none imageframe-1 hover-type-none\"><img decoding=\"async\" width=\"300\" height=\"175\" title=\"dmci logo-High-Quality\" src=\"https:\/\/downtownmoncton.com\/wp-content\/uploads\/2024\/07\/dmci-logo-High-Quality-1.jpg\" alt class=\"img-responsive wp-image-19858\" srcset=\"https:\/\/downtownmoncton.com\/wp-content\/uploads\/2024\/07\/dmci-logo-High-Quality-1-200x117.jpg 200w, https:\/\/downtownmoncton.com\/wp-content\/uploads\/2024\/07\/dmci-logo-High-Quality-1.jpg 300w\" sizes=\"(max-width: 1024px) 100vw, (max-width: 640px) 100vw, 300px\" \/><\/span><\/div><\/div><\/div><div class=\"fusion-layout-column fusion_builder_column fusion-builder-column-6 fusion_builder_column_1_4 1_4 fusion-flex-column\" style=\"--awb-bg-size:cover;--awb-width-large:25%;--awb-margin-top-large:10px;--awb-spacing-right-large:7.68%;--awb-margin-bottom-large:10px;--awb-spacing-left-large:7.68%;--awb-width-medium:100%;--awb-order-medium:0;--awb-spacing-right-medium:1.92%;--awb-spacing-left-medium:1.92%;--awb-width-small:100%;--awb-order-small:0;--awb-spacing-right-small:1.92%;--awb-spacing-left-small:1.92%;\"><div class=\"fusion-column-wrapper fusion-column-has-shadow fusion-flex-justify-content-flex-start fusion-content-layout-column\"><div class=\"fusion-image-element \" style=\"text-align:center;--awb-caption-title-font-family:var(--h2_typography-font-family);--awb-caption-title-font-weight:var(--h2_typography-font-weight);--awb-caption-title-font-style:var(--h2_typography-font-style);--awb-caption-title-size:var(--h2_typography-font-size);--awb-caption-title-transform:var(--h2_typography-text-transform);--awb-caption-title-line-height:var(--h2_typography-line-height);--awb-caption-title-letter-spacing:var(--h2_typography-letter-spacing);\"><span class=\" fusion-imageframe imageframe-none imageframe-2 hover-type-none\"><img decoding=\"async\" width=\"300\" height=\"175\" title=\"city-of-moncton-High-Quality\" src=\"https:\/\/downtownmoncton.com\/wp-content\/uploads\/2024\/07\/city-of-moncton-High-Quality-1.jpg\" alt class=\"img-responsive wp-image-19860\" srcset=\"https:\/\/downtownmoncton.com\/wp-content\/uploads\/2024\/07\/city-of-moncton-High-Quality-1-200x117.jpg 200w, https:\/\/downtownmoncton.com\/wp-content\/uploads\/2024\/07\/city-of-moncton-High-Quality-1.jpg 300w\" sizes=\"(max-width: 1024px) 100vw, (max-width: 640px) 100vw, 300px\" \/><\/span><\/div><\/div><\/div><div class=\"fusion-layout-column fusion_builder_column fusion-builder-column-7 fusion_builder_column_1_4 1_4 fusion-flex-column\" style=\"--awb-bg-size:cover;--awb-width-large:25%;--awb-margin-top-large:10px;--awb-spacing-right-large:7.68%;--awb-margin-bottom-large:10px;--awb-spacing-left-large:7.68%;--awb-width-medium:100%;--awb-order-medium:0;--awb-spacing-right-medium:1.92%;--awb-spacing-left-medium:1.92%;--awb-width-small:100%;--awb-order-small:0;--awb-spacing-right-small:1.92%;--awb-spacing-left-small:1.92%;\"><div class=\"fusion-column-wrapper fusion-column-has-shadow fusion-flex-justify-content-flex-start fusion-content-layout-column\"><div class=\"fusion-image-element \" style=\"text-align:center;--awb-caption-title-font-family:var(--h2_typography-font-family);--awb-caption-title-font-weight:var(--h2_typography-font-weight);--awb-caption-title-font-style:var(--h2_typography-font-style);--awb-caption-title-size:var(--h2_typography-font-size);--awb-caption-title-transform:var(--h2_typography-text-transform);--awb-caption-title-line-height:var(--h2_typography-line-height);--awb-caption-title-letter-spacing:var(--h2_typography-letter-spacing);\"><span class=\" fusion-imageframe imageframe-none imageframe-3 hover-type-none\"><img decoding=\"async\" width=\"300\" height=\"175\" title=\"bright and brine logo-High-Quality\" src=\"https:\/\/downtownmoncton.com\/wp-content\/uploads\/2024\/07\/bright-and-brine-logo-High-Quality-1.jpg\" alt class=\"img-responsive wp-image-19966\" srcset=\"https:\/\/downtownmoncton.com\/wp-content\/uploads\/2024\/07\/bright-and-brine-logo-High-Quality-1-200x117.jpg 200w, https:\/\/downtownmoncton.com\/wp-content\/uploads\/2024\/07\/bright-and-brine-logo-High-Quality-1.jpg 300w\" sizes=\"(max-width: 1024px) 100vw, (max-width: 640px) 100vw, 300px\" \/><\/span><\/div><\/div><\/div><div class=\"fusion-layout-column fusion_builder_column fusion-builder-column-8 fusion_builder_column_1_4 1_4 fusion-flex-column\" style=\"--awb-bg-size:cover;--awb-width-large:25%;--awb-margin-top-large:10px;--awb-spacing-right-large:7.68%;--awb-margin-bottom-large:10px;--awb-spacing-left-large:7.68%;--awb-width-medium:100%;--awb-order-medium:0;--awb-spacing-right-medium:1.92%;--awb-spacing-left-medium:1.92%;--awb-width-small:100%;--awb-order-small:0;--awb-spacing-right-small:1.92%;--awb-spacing-left-small:1.92%;\"><div class=\"fusion-column-wrapper fusion-column-has-shadow fusion-flex-justify-content-flex-start fusion-content-layout-column\"><div class=\"fusion-image-element \" style=\"text-align:center;--awb-caption-title-font-family:var(--h2_typography-font-family);--awb-caption-title-font-weight:var(--h2_typography-font-weight);--awb-caption-title-font-style:var(--h2_typography-font-style);--awb-caption-title-size:var(--h2_typography-font-size);--awb-caption-title-transform:var(--h2_typography-text-transform);--awb-caption-title-line-height:var(--h2_typography-line-height);--awb-caption-title-letter-spacing:var(--h2_typography-letter-spacing);\"><span class=\" fusion-imageframe imageframe-none imageframe-4 hover-type-none\"><img decoding=\"async\" width=\"300\" height=\"175\" title=\"govt of nb-High-Quality (1)\" src=\"https:\/\/downtownmoncton.com\/wp-content\/uploads\/2026\/01\/govt-of-nb-High-Quality-1.jpg\" alt class=\"img-responsive wp-image-22891\" srcset=\"https:\/\/downtownmoncton.com\/wp-content\/uploads\/2026\/01\/govt-of-nb-High-Quality-1-200x117.jpg 200w, https:\/\/downtownmoncton.com\/wp-content\/uploads\/2026\/01\/govt-of-nb-High-Quality-1.jpg 300w\" sizes=\"(max-width: 1024px) 100vw, (max-width: 640px) 100vw, 300px\" \/><\/span><\/div><\/div><\/div><\/div><\/div><\/p>\n","protected":false},"excerpt":{"rendered":"","protected":false},"author":1,"featured_media":22332,"parent":0,"menu_order":0,"comment_status":"closed","ping_status":"closed","template":"100-width.php","meta":{"_monsterinsights_skip_tracking":false,"_monsterinsights_sitenote_active":false,"_monsterinsights_sitenote_note":"","_monsterinsights_sitenote_category":0,"footnotes":""},"class_list":["post-22338","page","type-page","status-publish","has-post-thumbnail","hentry"],"yoast_head":"<!-- This site is optimized with the Yoast SEO plugin v27.3 - https:\/\/yoast.com\/product\/yoast-seo-wordpress\/ -->\n<title>Accent Mini - Downtown Moncton Centre-ville Inc.<\/title>\n<meta name=\"robots\" content=\"index, follow, max-snippet:-1, max-image-preview:large, max-video-preview:-1\" \/>\n<link rel=\"canonical\" href=\"https:\/\/downtownmoncton.com\/fr\/accent-mini\/\" \/>\n<meta property=\"og:locale\" content=\"fr_CA\" \/>\n<meta property=\"og:type\" content=\"article\" \/>\n<meta property=\"og:title\" content=\"Accent Mini - Downtown Moncton Centre-ville Inc.\" \/>\n<meta property=\"og:url\" content=\"https:\/\/downtownmoncton.com\/fr\/accent-mini\/\" \/>\n<meta property=\"og:site_name\" content=\"Downtown Moncton Centre-ville Inc.\" \/>\n<meta property=\"article:modified_time\" content=\"2026-01-07T10:38:33+00:00\" \/>\n<meta property=\"og:image\" content=\"https:\/\/downtownmoncton.com\/wp-content\/uploads\/2025\/09\/Accent-min-headeri.jpg\" \/>\n\t<meta property=\"og:image:width\" content=\"1920\" \/>\n\t<meta property=\"og:image:height\" content=\"479\" \/>\n\t<meta property=\"og:image:type\" content=\"image\/jpeg\" \/>\n<meta name=\"twitter:card\" content=\"summary_large_image\" \/>\n<meta name=\"twitter:label1\" content=\"Estimation du temps de lecture\" \/>\n\t<meta name=\"twitter:data1\" content=\"3 minutes\" \/>\n<script type=\"application\/ld+json\" class=\"yoast-schema-graph\">{\"@context\":\"https:\\\/\\\/schema.org\",\"@graph\":[{\"@type\":\"WebPage\",\"@id\":\"https:\\\/\\\/downtownmoncton.com\\\/fr\\\/accent-mini\\\/\",\"url\":\"https:\\\/\\\/downtownmoncton.com\\\/fr\\\/accent-mini\\\/\",\"name\":\"Accent Mini - Downtown Moncton Centre-ville Inc.\",\"isPartOf\":{\"@id\":\"https:\\\/\\\/downtownmoncton.com\\\/#website\"},\"primaryImageOfPage\":{\"@id\":\"https:\\\/\\\/downtownmoncton.com\\\/fr\\\/accent-mini\\\/#primaryimage\"},\"image\":{\"@id\":\"https:\\\/\\\/downtownmoncton.com\\\/fr\\\/accent-mini\\\/#primaryimage\"},\"thumbnailUrl\":\"https:\\\/\\\/downtownmoncton.com\\\/wp-content\\\/uploads\\\/2025\\\/09\\\/Accent-min-headeri.jpg\",\"datePublished\":\"2025-09-10T11:41:04+00:00\",\"dateModified\":\"2026-01-07T10:38:33+00:00\",\"breadcrumb\":{\"@id\":\"https:\\\/\\\/downtownmoncton.com\\\/fr\\\/accent-mini\\\/#breadcrumb\"},\"inLanguage\":\"fr-CA\",\"potentialAction\":[{\"@type\":\"ReadAction\",\"target\":[\"https:\\\/\\\/downtownmoncton.com\\\/fr\\\/accent-mini\\\/\"]}]},{\"@type\":\"ImageObject\",\"inLanguage\":\"fr-CA\",\"@id\":\"https:\\\/\\\/downtownmoncton.com\\\/fr\\\/accent-mini\\\/#primaryimage\",\"url\":\"https:\\\/\\\/downtownmoncton.com\\\/wp-content\\\/uploads\\\/2025\\\/09\\\/Accent-min-headeri.jpg\",\"contentUrl\":\"https:\\\/\\\/downtownmoncton.com\\\/wp-content\\\/uploads\\\/2025\\\/09\\\/Accent-min-headeri.jpg\",\"width\":1920,\"height\":479},{\"@type\":\"BreadcrumbList\",\"@id\":\"https:\\\/\\\/downtownmoncton.com\\\/fr\\\/accent-mini\\\/#breadcrumb\",\"itemListElement\":[{\"@type\":\"ListItem\",\"position\":1,\"name\":\"Home\",\"item\":\"https:\\\/\\\/downtownmoncton.com\\\/fr\\\/\"},{\"@type\":\"ListItem\",\"position\":2,\"name\":\"Accent Mini\"}]},{\"@type\":\"WebSite\",\"@id\":\"https:\\\/\\\/downtownmoncton.com\\\/#website\",\"url\":\"https:\\\/\\\/downtownmoncton.com\\\/\",\"name\":\"Downtown Moncton Centre-ville Inc.\",\"description\":\"Dedicated to the heart of Metro Moncton!\",\"potentialAction\":[{\"@type\":\"SearchAction\",\"target\":{\"@type\":\"EntryPoint\",\"urlTemplate\":\"https:\\\/\\\/downtownmoncton.com\\\/?s={search_term_string}\"},\"query-input\":{\"@type\":\"PropertyValueSpecification\",\"valueRequired\":true,\"valueName\":\"search_term_string\"}}],\"inLanguage\":\"fr-CA\"}]}<\/script>\n<!-- \/ Yoast SEO plugin. -->","yoast_head_json":{"title":"Accent Mini - Downtown Moncton Centre-ville Inc.","robots":{"index":"index","follow":"follow","max-snippet":"max-snippet:-1","max-image-preview":"max-image-preview:large","max-video-preview":"max-video-preview:-1"},"canonical":"https:\/\/downtownmoncton.com\/fr\/accent-mini\/","og_locale":"fr_CA","og_type":"article","og_title":"Accent Mini - Downtown Moncton Centre-ville Inc.","og_url":"https:\/\/downtownmoncton.com\/fr\/accent-mini\/","og_site_name":"Downtown Moncton Centre-ville Inc.","article_modified_time":"2026-01-07T10:38:33+00:00","og_image":[{"width":1920,"height":479,"url":"https:\/\/downtownmoncton.com\/wp-content\/uploads\/2025\/09\/Accent-min-headeri.jpg","type":"image\/jpeg"}],"twitter_card":"summary_large_image","twitter_misc":{"Estimation du temps de lecture":"3 minutes"},"schema":{"@context":"https:\/\/schema.org","@graph":[{"@type":"WebPage","@id":"https:\/\/downtownmoncton.com\/fr\/accent-mini\/","url":"https:\/\/downtownmoncton.com\/fr\/accent-mini\/","name":"Accent Mini - Downtown Moncton Centre-ville Inc.","isPartOf":{"@id":"https:\/\/downtownmoncton.com\/#website"},"primaryImageOfPage":{"@id":"https:\/\/downtownmoncton.com\/fr\/accent-mini\/#primaryimage"},"image":{"@id":"https:\/\/downtownmoncton.com\/fr\/accent-mini\/#primaryimage"},"thumbnailUrl":"https:\/\/downtownmoncton.com\/wp-content\/uploads\/2025\/09\/Accent-min-headeri.jpg","datePublished":"2025-09-10T11:41:04+00:00","dateModified":"2026-01-07T10:38:33+00:00","breadcrumb":{"@id":"https:\/\/downtownmoncton.com\/fr\/accent-mini\/#breadcrumb"},"inLanguage":"fr-CA","potentialAction":[{"@type":"ReadAction","target":["https:\/\/downtownmoncton.com\/fr\/accent-mini\/"]}]},{"@type":"ImageObject","inLanguage":"fr-CA","@id":"https:\/\/downtownmoncton.com\/fr\/accent-mini\/#primaryimage","url":"https:\/\/downtownmoncton.com\/wp-content\/uploads\/2025\/09\/Accent-min-headeri.jpg","contentUrl":"https:\/\/downtownmoncton.com\/wp-content\/uploads\/2025\/09\/Accent-min-headeri.jpg","width":1920,"height":479},{"@type":"BreadcrumbList","@id":"https:\/\/downtownmoncton.com\/fr\/accent-mini\/#breadcrumb","itemListElement":[{"@type":"ListItem","position":1,"name":"Home","item":"https:\/\/downtownmoncton.com\/fr\/"},{"@type":"ListItem","position":2,"name":"Accent Mini"}]},{"@type":"WebSite","@id":"https:\/\/downtownmoncton.com\/#website","url":"https:\/\/downtownmoncton.com\/","name":"Downtown Moncton Centre-ville Inc.","description":"Dedicated to the heart of Metro Moncton!","potentialAction":[{"@type":"SearchAction","target":{"@type":"EntryPoint","urlTemplate":"https:\/\/downtownmoncton.com\/?s={search_term_string}"},"query-input":{"@type":"PropertyValueSpecification","valueRequired":true,"valueName":"search_term_string"}}],"inLanguage":"fr-CA"}]}},"_links":{"self":[{"href":"https:\/\/downtownmoncton.com\/fr\/wp-json\/wp\/v2\/pages\/22338","targetHints":{"allow":["GET"]}}],"collection":[{"href":"https:\/\/downtownmoncton.com\/fr\/wp-json\/wp\/v2\/pages"}],"about":[{"href":"https:\/\/downtownmoncton.com\/fr\/wp-json\/wp\/v2\/types\/page"}],"author":[{"embeddable":true,"href":"https:\/\/downtownmoncton.com\/fr\/wp-json\/wp\/v2\/users\/1"}],"replies":[{"embeddable":true,"href":"https:\/\/downtownmoncton.com\/fr\/wp-json\/wp\/v2\/comments?post=22338"}],"version-history":[{"count":11,"href":"https:\/\/downtownmoncton.com\/fr\/wp-json\/wp\/v2\/pages\/22338\/revisions"}],"predecessor-version":[{"id":22895,"href":"https:\/\/downtownmoncton.com\/fr\/wp-json\/wp\/v2\/pages\/22338\/revisions\/22895"}],"wp:featuredmedia":[{"embeddable":true,"href":"https:\/\/downtownmoncton.com\/fr\/wp-json\/wp\/v2\/media\/22332"}],"wp:attachment":[{"href":"https:\/\/downtownmoncton.com\/fr\/wp-json\/wp\/v2\/media?parent=22338"}],"curies":[{"name":"wp","href":"https:\/\/api.w.org\/{rel}","templated":true}]}}