{"id":11305,"date":"2023-03-30T11:54:30","date_gmt":"2023-03-30T14:54:30","guid":{"rendered":"https:\/\/downtownmoncton.com\/?page_id=11305"},"modified":"2023-03-30T12:28:30","modified_gmt":"2023-03-30T15:28:30","slug":"cartes-cadeaux-centre-ville-moncton-faq","status":"publish","type":"page","link":"https:\/\/downtownmoncton.com\/fr\/cartes-cadeaux-centre-ville-moncton-faq\/","title":{"rendered":"Cartes-cadeaux Centre-ville Moncton \u2013 FAQ"},"content":{"rendered":"<div class=\"fusion-fullwidth fullwidth-box fusion-builder-row-1 fusion-flex-container nonhundred-percent-fullwidth non-hundred-percent-height-scrolling\" style=\"--awb-border-radius-top-left:0px;--awb-border-radius-top-right:0px;--awb-border-radius-bottom-right:0px;--awb-border-radius-bottom-left:0px;--awb-flex-wrap:wrap;\" ><div class=\"fusion-builder-row fusion-row fusion-flex-align-items-flex-start fusion-flex-content-wrap\" style=\"max-width:1248px;margin-left: calc(-4% \/ 2 );margin-right: calc(-4% \/ 2 );\"><div class=\"fusion-layout-column fusion_builder_column fusion-builder-column-0 fusion_builder_column_1_1 1_1 fusion-flex-column\" style=\"--awb-bg-size:cover;--awb-width-large:100%;--awb-margin-top-large:10px;--awb-spacing-right-large:1.92%;--awb-margin-bottom-large:10px;--awb-spacing-left-large:1.92%;--awb-width-medium:100%;--awb-order-medium:0;--awb-spacing-right-medium:1.92%;--awb-spacing-left-medium:1.92%;--awb-width-small:100%;--awb-order-small:0;--awb-spacing-right-small:1.92%;--awb-spacing-left-small:1.92%;\"><div class=\"fusion-column-wrapper fusion-column-has-shadow fusion-flex-justify-content-flex-start fusion-content-layout-column\"><\/div><\/div><div class=\"fusion-layout-column fusion_builder_column fusion-builder-column-1 fusion_builder_column_1_1 1_1 fusion-flex-column\" style=\"--awb-padding-bottom:25px;--awb-bg-color:rgba(255,255,255,0);--awb-bg-color-hover:rgba(255,255,255,0);--awb-bg-size:cover;--awb-width-large:100%;--awb-margin-top-large:10px;--awb-spacing-right-large:1.92%;--awb-margin-bottom-large:10px;--awb-spacing-left-large:2.88%;--awb-width-medium:100%;--awb-order-medium:0;--awb-spacing-right-medium:1.92%;--awb-spacing-left-medium:1.92%;--awb-width-small:100%;--awb-order-small:0;--awb-spacing-right-small:1.92%;--awb-spacing-left-small:1.92%;\"><div class=\"fusion-column-wrapper fusion-column-has-shadow fusion-flex-justify-content-flex-start fusion-content-layout-column\"><div class=\"fusion-text fusion-text-1\" style=\"--awb-text-transform:none;\"><h3>Que dois-je faire si ma commande n\u2019est pas trait\u00e9e?<\/h3>\n<p>Si vous rencontrez des difficult\u00e9s \u00e0 effectuer votre commande, veuillez contacter le Service client du Downtown Moncton Centre-ville au 1-888-635-0507 ou \u00e0 l\u2019adresse suivante : support@emlpayments.com<\/p>\n<\/div><\/div><\/div><div class=\"fusion-layout-column fusion_builder_column fusion-builder-column-2 fusion_builder_column_1_1 1_1 fusion-flex-column\" style=\"--awb-padding-bottom:25px;--awb-bg-color:rgba(255,255,255,0);--awb-bg-color-hover:rgba(255,255,255,0);--awb-bg-size:cover;--awb-width-large:100%;--awb-margin-top-large:10px;--awb-spacing-right-large:1.92%;--awb-margin-bottom-large:10px;--awb-spacing-left-large:2.88%;--awb-width-medium:100%;--awb-order-medium:0;--awb-spacing-right-medium:1.92%;--awb-spacing-left-medium:1.92%;--awb-width-small:100%;--awb-order-small:0;--awb-spacing-right-small:1.92%;--awb-spacing-left-small:1.92%;\"><div class=\"fusion-column-wrapper fusion-column-has-shadow fusion-flex-justify-content-flex-start fusion-content-layout-column\"><div class=\"fusion-text fusion-text-2\" style=\"--awb-text-transform:none;\"><h3>Quel est le montant maximum des cartes Downtown Moncton Centre-ville dont je peux b\u00e9n\u00e9ficier?<\/h3>\n<p>Les Cartes-Cadeaux individuelles sont d\u2019une valeur allant de 5 $ et 500 $. Et votre achat total ne peut d\u00e9passer 3,000.00 $<\/p>\n<\/div><\/div><\/div><div class=\"fusion-layout-column fusion_builder_column fusion-builder-column-3 fusion_builder_column_1_1 1_1 fusion-flex-column\" style=\"--awb-padding-bottom:25px;--awb-bg-color:rgba(255,255,255,0);--awb-bg-color-hover:rgba(255,255,255,0);--awb-bg-size:cover;--awb-width-large:100%;--awb-margin-top-large:10px;--awb-spacing-right-large:1.92%;--awb-margin-bottom-large:10px;--awb-spacing-left-large:2.88%;--awb-width-medium:100%;--awb-order-medium:0;--awb-spacing-right-medium:1.92%;--awb-spacing-left-medium:1.92%;--awb-width-small:100%;--awb-order-small:0;--awb-spacing-right-small:1.92%;--awb-spacing-left-small:1.92%;\"><div class=\"fusion-column-wrapper fusion-column-has-shadow fusion-flex-justify-content-flex-start fusion-content-layout-column\"><div class=\"fusion-text fusion-text-3\" style=\"--awb-text-transform:none;\"><h3>Quelles sont les options d\u2019exp\u00e9dition disponibles pour la carte-cadeau Downtown Moncton Centre-ville?<\/h3>\n<p>Votre carte-cadeau Downtown Moncton Centre-ville peut vous \u00eatre envoy\u00e9e par courrier certifi\u00e9 du Canada.<\/p>\n<\/div><\/div><\/div><div class=\"fusion-layout-column fusion_builder_column fusion-builder-column-4 fusion_builder_column_1_1 1_1 fusion-flex-column\" style=\"--awb-padding-bottom:25px;--awb-bg-color:rgba(255,255,255,0);--awb-bg-color-hover:rgba(255,255,255,0);--awb-bg-size:cover;--awb-width-large:100%;--awb-margin-top-large:10px;--awb-spacing-right-large:1.92%;--awb-margin-bottom-large:10px;--awb-spacing-left-large:2.88%;--awb-width-medium:100%;--awb-order-medium:0;--awb-spacing-right-medium:1.92%;--awb-spacing-left-medium:1.92%;--awb-width-small:100%;--awb-order-small:0;--awb-spacing-right-small:1.92%;--awb-spacing-left-small:1.92%;\"><div class=\"fusion-column-wrapper fusion-column-has-shadow fusion-flex-justify-content-flex-start fusion-content-layout-column\"><div class=\"fusion-text fusion-text-4\" style=\"--awb-text-transform:none;\"><h3>Ma carte-cadeau Downtown Moncton Centre-ville Inc, expire-t-elle?<\/h3>\n<p>Non, les fonds de la carte-cadeau du Downtown Moncton Centre-ville n\u2019expirent jamais.<\/p>\n<\/div><\/div><\/div><div class=\"fusion-layout-column fusion_builder_column fusion-builder-column-5 fusion_builder_column_1_1 1_1 fusion-flex-column\" style=\"--awb-padding-bottom:25px;--awb-bg-color:rgba(255,255,255,0);--awb-bg-color-hover:rgba(255,255,255,0);--awb-bg-size:cover;--awb-width-large:100%;--awb-margin-top-large:10px;--awb-spacing-right-large:1.92%;--awb-margin-bottom-large:10px;--awb-spacing-left-large:2.88%;--awb-width-medium:100%;--awb-order-medium:0;--awb-spacing-right-medium:1.92%;--awb-spacing-left-medium:1.92%;--awb-width-small:100%;--awb-order-small:0;--awb-spacing-right-small:1.92%;--awb-spacing-left-small:1.92%;\"><div class=\"fusion-column-wrapper fusion-column-has-shadow fusion-flex-justify-content-flex-start fusion-content-layout-column\"><div class=\"fusion-text fusion-text-5\" style=\"--awb-text-transform:none;\"><h3>Puis-je \u00e9changer ma carte-cadeau contre de l\u2019argent?<\/h3>\n<p>Les Cartes-Cadeaux du Downtown Moncton Centre-ville ne sont, en aucun cas, remboursables ou \u00e9changeables contre de l\u2019argent<\/p>\n<\/div><\/div><\/div><div class=\"fusion-layout-column fusion_builder_column fusion-builder-column-6 fusion_builder_column_1_1 1_1 fusion-flex-column\" style=\"--awb-padding-bottom:25px;--awb-bg-color:rgba(255,255,255,0);--awb-bg-color-hover:rgba(255,255,255,0);--awb-bg-size:cover;--awb-width-large:100%;--awb-margin-top-large:10px;--awb-spacing-right-large:1.92%;--awb-margin-bottom-large:10px;--awb-spacing-left-large:2.88%;--awb-width-medium:100%;--awb-order-medium:0;--awb-spacing-right-medium:1.92%;--awb-spacing-left-medium:1.92%;--awb-width-small:100%;--awb-order-small:0;--awb-spacing-right-small:1.92%;--awb-spacing-left-small:1.92%;\"><div class=\"fusion-column-wrapper fusion-column-has-shadow fusion-flex-justify-content-flex-start fusion-content-layout-column\"><div class=\"fusion-text fusion-text-6\" style=\"--awb-text-transform:none;\"><h3>Comment puis-je utiliser la carte-cadeau du Downtown Moncton Centre-ville?<\/h3>\n<p>La carte cadeau Downtown Moncton Centre-ville peut \u00eatre utilis\u00e9e par tous les commer\u00e7ants participants. Vous trouverez la liste des commer\u00e7ants participants \u00e0 l\u2019adresse suivante downtownmoncton.com. Il vous suffit d\u2019informer le commer\u00e7ant que vous utiliserez une carte-cadeau du Downtown Moncton centre-ville et il saura comment proc\u00e9der.<\/p>\n<\/div><\/div><\/div><div class=\"fusion-layout-column fusion_builder_column fusion-builder-column-7 fusion_builder_column_1_1 1_1 fusion-flex-column\" style=\"--awb-padding-bottom:25px;--awb-bg-color:rgba(255,255,255,0);--awb-bg-color-hover:rgba(255,255,255,0);--awb-bg-size:cover;--awb-width-large:100%;--awb-margin-top-large:10px;--awb-spacing-right-large:1.92%;--awb-margin-bottom-large:10px;--awb-spacing-left-large:2.88%;--awb-width-medium:100%;--awb-order-medium:0;--awb-spacing-right-medium:1.92%;--awb-spacing-left-medium:1.92%;--awb-width-small:100%;--awb-order-small:0;--awb-spacing-right-small:1.92%;--awb-spacing-left-small:1.92%;\"><div class=\"fusion-column-wrapper fusion-column-has-shadow fusion-flex-justify-content-flex-start fusion-content-layout-column\"><div class=\"fusion-text fusion-text-7\" style=\"--awb-text-transform:none;\"><h3>Que faire si je veux d\u00e9penser plus que la valeur de la carte?<\/h3>\n<p>Pour effectuer un achat, la carte cadeau Downtown Moncton Centre-ville peut habituellement \u00eatre combin\u00e9e \u00e0 un autre mode de paiement. Assurez-vous d\u2019aviser le caissier avant de proc\u00e9der \u00e0 votre achat. Veuillez noter cependant, que certains magasins ne sont pas en mesure de faire une transaction de paiement fractionn\u00e9e.<\/p>\n<\/div><\/div><\/div><div class=\"fusion-layout-column fusion_builder_column fusion-builder-column-8 fusion_builder_column_1_1 1_1 fusion-flex-column\" style=\"--awb-padding-bottom:25px;--awb-bg-color:rgba(255,255,255,0);--awb-bg-color-hover:rgba(255,255,255,0);--awb-bg-size:cover;--awb-width-large:100%;--awb-margin-top-large:10px;--awb-spacing-right-large:1.92%;--awb-margin-bottom-large:10px;--awb-spacing-left-large:2.88%;--awb-width-medium:100%;--awb-order-medium:0;--awb-spacing-right-medium:1.92%;--awb-spacing-left-medium:1.92%;--awb-width-small:100%;--awb-order-small:0;--awb-spacing-right-small:1.92%;--awb-spacing-left-small:1.92%;\"><div class=\"fusion-column-wrapper fusion-column-has-shadow fusion-flex-justify-content-flex-start fusion-content-layout-column\"><div class=\"fusion-text fusion-text-8\" style=\"--awb-text-transform:none;\"><h3>Que se passe-t-il si ma carte-cadeau du Downtown Moncton centre-ville est perdue ou vol\u00e9e?<\/h3>\n<p>Si votre carte est perdue ou vol\u00e9e, veuillez contacter imm\u00e9diatement le 1-888-635-0507 pour verrouiller les fonds.\u00a0<\/p>\n<p>Les Cartes-Cadeaux perdues ou vol\u00e9es ne peuvent \u00eatre remplac\u00e9es sans une preuve d\u2019achat ad\u00e9quate (re\u00e7u original de la carte-cadeau) ainsi que le num\u00e9ro de la carte-cadeau correspondante.<\/p>\n<p>Veuillez consid\u00e9rer la carte-cadeau Downtown Moncton Centre-ville comme de l\u2019argent comptant, si elle est perdue ou vol\u00e9e, il est possible que la carte soit utilis\u00e9e par quelqu\u2019un d\u2019autre que vous. Nous ne sommes pas en mesure d\u2019alimenter les fonds perdus de la carte-cadeau Downtown Moncton centre-ville en aucun cas.<\/p>\n<\/div><\/div><\/div><div class=\"fusion-layout-column fusion_builder_column fusion-builder-column-9 fusion_builder_column_1_1 1_1 fusion-flex-column\" style=\"--awb-padding-bottom:25px;--awb-bg-color:rgba(255,255,255,0);--awb-bg-color-hover:rgba(255,255,255,0);--awb-bg-size:cover;--awb-width-large:100%;--awb-margin-top-large:10px;--awb-spacing-right-large:1.92%;--awb-margin-bottom-large:10px;--awb-spacing-left-large:2.88%;--awb-width-medium:100%;--awb-order-medium:0;--awb-spacing-right-medium:1.92%;--awb-spacing-left-medium:1.92%;--awb-width-small:100%;--awb-order-small:0;--awb-spacing-right-small:1.92%;--awb-spacing-left-small:1.92%;\"><div class=\"fusion-column-wrapper fusion-column-has-shadow fusion-flex-justify-content-flex-start fusion-content-layout-column\"><div class=\"fusion-text fusion-text-9\" style=\"--awb-text-transform:none;\"><h3>Comment puis-je consulter le solde de ma carte?<\/h3>\n<p>Vous pouvez consulter le solde de votre carte-cadeau sur www.getmybalance.com, en composant le 1-888-635-0507 ou en prenant votre carte-cadeau Downtown Moncton centre-ville au bureau du service client afin d\u2019obtenir de l\u2019aide.\u00a0<\/p>\n<p>Vous pouvez \u00e9galement inscrire votre dernier solde dans l\u2019espace pr\u00e9vu au dos de la carte. De plus, lorsque vous utilisez votre carte-cadeau du Downtown Moncton centre-ville, le code de confirmation au bas de votre re\u00e7u repr\u00e9sente le solde restant. Exemple 58X17 = 58,17 $<\/p>\n<\/div><\/div><\/div><div class=\"fusion-layout-column fusion_builder_column fusion-builder-column-10 fusion_builder_column_1_1 1_1 fusion-flex-column\" style=\"--awb-padding-bottom:25px;--awb-bg-color:rgba(255,255,255,0);--awb-bg-color-hover:rgba(255,255,255,0);--awb-bg-size:cover;--awb-width-large:100%;--awb-margin-top-large:10px;--awb-spacing-right-large:1.92%;--awb-margin-bottom-large:10px;--awb-spacing-left-large:2.88%;--awb-width-medium:100%;--awb-order-medium:0;--awb-spacing-right-medium:1.92%;--awb-spacing-left-medium:1.92%;--awb-width-small:100%;--awb-order-small:0;--awb-spacing-right-small:1.92%;--awb-spacing-left-small:1.92%;\"><div class=\"fusion-column-wrapper fusion-column-has-shadow fusion-flex-justify-content-flex-start fusion-content-layout-column\"><div class=\"fusion-text fusion-text-10\" style=\"--awb-text-transform:none;\"><h3>Que dois-je faire si je veux retourner les articles achet\u00e9s avec ma carte-cadeau du Downtown Moncton centre-ville?<\/h3>\n<p>Selon la politique de retour des magasins, les commer\u00e7ants du Downtown Moncton centre-ville accordent un cr\u00e9dit en magasin pour les retours.<\/p>\n<\/div><\/div><\/div><div class=\"fusion-layout-column fusion_builder_column fusion-builder-column-11 fusion_builder_column_1_1 1_1 fusion-flex-column\" style=\"--awb-padding-bottom:25px;--awb-bg-color:rgba(255,255,255,0);--awb-bg-color-hover:rgba(255,255,255,0);--awb-bg-size:cover;--awb-width-large:100%;--awb-margin-top-large:10px;--awb-spacing-right-large:1.92%;--awb-margin-bottom-large:10px;--awb-spacing-left-large:2.88%;--awb-width-medium:100%;--awb-order-medium:0;--awb-spacing-right-medium:1.92%;--awb-spacing-left-medium:1.92%;--awb-width-small:100%;--awb-order-small:0;--awb-spacing-right-small:1.92%;--awb-spacing-left-small:1.92%;\"><div class=\"fusion-column-wrapper fusion-column-has-shadow fusion-flex-justify-content-flex-start fusion-content-layout-column\"><div class=\"fusion-text fusion-text-11\" style=\"--awb-text-transform:none;\"><h3>Que dois-je faire si j\u2019ai d\u2019autres questions au sujet de ma carte-cadeau Centre-ville de Moncton?<\/h3>\n<p>Vous pouvez joindre le service client au 1-888-635-0507 pour tout compl\u00e9ment d\u2019information concernant le programme.<\/p>\n<\/div><\/div><\/div><div class=\"fusion-layout-column fusion_builder_column fusion-builder-column-12 fusion_builder_column_1_1 1_1 fusion-flex-column\" style=\"--awb-padding-bottom:25px;--awb-bg-color:rgba(255,255,255,0);--awb-bg-color-hover:rgba(255,255,255,0);--awb-bg-size:cover;--awb-width-large:100%;--awb-margin-top-large:10px;--awb-spacing-right-large:1.92%;--awb-margin-bottom-large:10px;--awb-spacing-left-large:2.88%;--awb-width-medium:100%;--awb-order-medium:0;--awb-spacing-right-medium:1.92%;--awb-spacing-left-medium:1.92%;--awb-width-small:100%;--awb-order-small:0;--awb-spacing-right-small:1.92%;--awb-spacing-left-small:1.92%;\"><div class=\"fusion-column-wrapper fusion-column-has-shadow fusion-flex-justify-content-flex-start fusion-content-layout-column\"><div class=\"fusion-text fusion-text-12\" style=\"--awb-text-transform:none;\"><h3>Vais-je recevoir un re\u00e7u par e-mail?<\/h3>\n<p>Oui, si vous cochez la case \u00e0 l\u2019\u00e9cran de paiement, vous recevrez un re\u00e7u par courriel. Si cette case n\u2019est pas coch\u00e9e, un re\u00e7u vous sera envoy\u00e9 avec la carte-cadeau par courrier U.S. Mail.<\/p>\n<\/div><\/div><\/div><div class=\"fusion-layout-column fusion_builder_column fusion-builder-column-13 fusion_builder_column_1_1 1_1 fusion-flex-column\" style=\"--awb-padding-bottom:25px;--awb-bg-color:rgba(255,255,255,0);--awb-bg-color-hover:rgba(255,255,255,0);--awb-bg-size:cover;--awb-width-large:100%;--awb-margin-top-large:10px;--awb-spacing-right-large:1.92%;--awb-margin-bottom-large:10px;--awb-spacing-left-large:2.88%;--awb-width-medium:100%;--awb-order-medium:0;--awb-spacing-right-medium:1.92%;--awb-spacing-left-medium:1.92%;--awb-width-small:100%;--awb-order-small:0;--awb-spacing-right-small:1.92%;--awb-spacing-left-small:1.92%;\"><div class=\"fusion-column-wrapper fusion-column-has-shadow fusion-flex-justify-content-flex-start fusion-content-layout-column\"><div class=\"fusion-text fusion-text-13\" style=\"--awb-text-transform:none;\"><h3>O\u00f9 puis-je utiliser ma carte-cadeau Centre-ville de Moncton?<\/h3>\n<p>Votre carte-cadeau Centre-ville de Moncton peut \u00eatre utilis\u00e9e pour faire des achats chez les commer\u00e7ants participants du Downtown Moncton centre-ville.<\/p>\n<\/div><\/div><\/div><\/div><\/div>\n","protected":false},"excerpt":{"rendered":"","protected":false},"author":1,"featured_media":0,"parent":0,"menu_order":0,"comment_status":"closed","ping_status":"closed","template":"100-width.php","meta":{"_monsterinsights_skip_tracking":false,"_monsterinsights_sitenote_active":false,"_monsterinsights_sitenote_note":"","_monsterinsights_sitenote_category":0,"footnotes":""},"class_list":["post-11305","page","type-page","status-publish","hentry"],"yoast_head":"<!-- This site is optimized with the Yoast SEO plugin v27.2 - https:\/\/yoast.com\/product\/yoast-seo-wordpress\/ -->\n<title>Cartes-cadeaux Centre-ville Moncton \u2013 FAQ - Downtown Moncton Centre-ville Inc.<\/title>\n<meta name=\"robots\" content=\"index, follow, max-snippet:-1, max-image-preview:large, max-video-preview:-1\" \/>\n<link rel=\"canonical\" href=\"https:\/\/downtownmoncton.com\/gift-card-frequently-asked-questions\/\" \/>\n<meta property=\"og:locale\" content=\"fr_CA\" \/>\n<meta property=\"og:type\" content=\"article\" \/>\n<meta property=\"og:title\" content=\"Cartes-cadeaux Centre-ville Moncton \u2013 FAQ - Downtown Moncton Centre-ville Inc.\" \/>\n<meta property=\"og:url\" content=\"https:\/\/downtownmoncton.com\/gift-card-frequently-asked-questions\/\" \/>\n<meta property=\"og:site_name\" content=\"Downtown Moncton Centre-ville Inc.\" \/>\n<meta property=\"article:modified_time\" content=\"2023-03-30T15:28:30+00:00\" \/>\n<meta name=\"twitter:card\" content=\"summary_large_image\" \/>\n<meta name=\"twitter:label1\" content=\"Estimation du temps de lecture\" \/>\n\t<meta name=\"twitter:data1\" content=\"11 minutes\" \/>\n<script type=\"application\/ld+json\" class=\"yoast-schema-graph\">{\"@context\":\"https:\/\/schema.org\",\"@graph\":[{\"@type\":\"WebPage\",\"@id\":\"https:\/\/downtownmoncton.com\/gift-card-frequently-asked-questions\/\",\"url\":\"https:\/\/downtownmoncton.com\/gift-card-frequently-asked-questions\/\",\"name\":\"Cartes-cadeaux Centre-ville Moncton \u2013 FAQ - Downtown Moncton Centre-ville Inc.\",\"isPartOf\":{\"@id\":\"https:\/\/downtownmoncton.com\/#website\"},\"datePublished\":\"2023-03-30T14:54:30+00:00\",\"dateModified\":\"2023-03-30T15:28:30+00:00\",\"breadcrumb\":{\"@id\":\"https:\/\/downtownmoncton.com\/gift-card-frequently-asked-questions\/#breadcrumb\"},\"inLanguage\":\"fr-CA\",\"potentialAction\":[{\"@type\":\"ReadAction\",\"target\":[\"https:\/\/downtownmoncton.com\/gift-card-frequently-asked-questions\/\"]}]},{\"@type\":\"BreadcrumbList\",\"@id\":\"https:\/\/downtownmoncton.com\/gift-card-frequently-asked-questions\/#breadcrumb\",\"itemListElement\":[{\"@type\":\"ListItem\",\"position\":1,\"name\":\"Home\",\"item\":\"https:\/\/downtownmoncton.com\/fr\/\"},{\"@type\":\"ListItem\",\"position\":2,\"name\":\"Cartes-cadeaux Centre-ville Moncton \u2013 FAQ\"}]},{\"@type\":\"WebSite\",\"@id\":\"https:\/\/downtownmoncton.com\/#website\",\"url\":\"https:\/\/downtownmoncton.com\/\",\"name\":\"Downtown Moncton Centre-ville Inc.\",\"description\":\"Dedicated to the heart of Metro Moncton!\",\"potentialAction\":[{\"@type\":\"SearchAction\",\"target\":{\"@type\":\"EntryPoint\",\"urlTemplate\":\"https:\/\/downtownmoncton.com\/?s={search_term_string}\"},\"query-input\":{\"@type\":\"PropertyValueSpecification\",\"valueRequired\":true,\"valueName\":\"search_term_string\"}}],\"inLanguage\":\"fr-CA\"}]}<\/script>\n<!-- \/ Yoast SEO plugin. -->","yoast_head_json":{"title":"Cartes-cadeaux Centre-ville Moncton \u2013 FAQ - Downtown Moncton Centre-ville Inc.","robots":{"index":"index","follow":"follow","max-snippet":"max-snippet:-1","max-image-preview":"max-image-preview:large","max-video-preview":"max-video-preview:-1"},"canonical":"https:\/\/downtownmoncton.com\/gift-card-frequently-asked-questions\/","og_locale":"fr_CA","og_type":"article","og_title":"Cartes-cadeaux Centre-ville Moncton \u2013 FAQ - Downtown Moncton Centre-ville Inc.","og_url":"https:\/\/downtownmoncton.com\/gift-card-frequently-asked-questions\/","og_site_name":"Downtown Moncton Centre-ville Inc.","article_modified_time":"2023-03-30T15:28:30+00:00","twitter_card":"summary_large_image","twitter_misc":{"Estimation du temps de lecture":"11 minutes"},"schema":{"@context":"https:\/\/schema.org","@graph":[{"@type":"WebPage","@id":"https:\/\/downtownmoncton.com\/gift-card-frequently-asked-questions\/","url":"https:\/\/downtownmoncton.com\/gift-card-frequently-asked-questions\/","name":"Cartes-cadeaux Centre-ville Moncton \u2013 FAQ - Downtown Moncton Centre-ville Inc.","isPartOf":{"@id":"https:\/\/downtownmoncton.com\/#website"},"datePublished":"2023-03-30T14:54:30+00:00","dateModified":"2023-03-30T15:28:30+00:00","breadcrumb":{"@id":"https:\/\/downtownmoncton.com\/gift-card-frequently-asked-questions\/#breadcrumb"},"inLanguage":"fr-CA","potentialAction":[{"@type":"ReadAction","target":["https:\/\/downtownmoncton.com\/gift-card-frequently-asked-questions\/"]}]},{"@type":"BreadcrumbList","@id":"https:\/\/downtownmoncton.com\/gift-card-frequently-asked-questions\/#breadcrumb","itemListElement":[{"@type":"ListItem","position":1,"name":"Home","item":"https:\/\/downtownmoncton.com\/fr\/"},{"@type":"ListItem","position":2,"name":"Cartes-cadeaux Centre-ville Moncton \u2013 FAQ"}]},{"@type":"WebSite","@id":"https:\/\/downtownmoncton.com\/#website","url":"https:\/\/downtownmoncton.com\/","name":"Downtown Moncton Centre-ville Inc.","description":"Dedicated to the heart of Metro Moncton!","potentialAction":[{"@type":"SearchAction","target":{"@type":"EntryPoint","urlTemplate":"https:\/\/downtownmoncton.com\/?s={search_term_string}"},"query-input":{"@type":"PropertyValueSpecification","valueRequired":true,"valueName":"search_term_string"}}],"inLanguage":"fr-CA"}]}},"_links":{"self":[{"href":"https:\/\/downtownmoncton.com\/fr\/wp-json\/wp\/v2\/pages\/11305","targetHints":{"allow":["GET"]}}],"collection":[{"href":"https:\/\/downtownmoncton.com\/fr\/wp-json\/wp\/v2\/pages"}],"about":[{"href":"https:\/\/downtownmoncton.com\/fr\/wp-json\/wp\/v2\/types\/page"}],"author":[{"embeddable":true,"href":"https:\/\/downtownmoncton.com\/fr\/wp-json\/wp\/v2\/users\/1"}],"replies":[{"embeddable":true,"href":"https:\/\/downtownmoncton.com\/fr\/wp-json\/wp\/v2\/comments?post=11305"}],"version-history":[{"count":2,"href":"https:\/\/downtownmoncton.com\/fr\/wp-json\/wp\/v2\/pages\/11305\/revisions"}],"predecessor-version":[{"id":11307,"href":"https:\/\/downtownmoncton.com\/fr\/wp-json\/wp\/v2\/pages\/11305\/revisions\/11307"}],"wp:attachment":[{"href":"https:\/\/downtownmoncton.com\/fr\/wp-json\/wp\/v2\/media?parent=11305"}],"curies":[{"name":"wp","href":"https:\/\/api.w.org\/{rel}","templated":true}]}}