{"id":11209,"date":"2022-06-10T14:14:07","date_gmt":"2022-06-10T17:14:07","guid":{"rendered":"https:\/\/downtownmoncton.com\/?page_id=11209"},"modified":"2023-03-30T08:37:57","modified_gmt":"2023-03-30T11:37:57","slug":"blog","status":"publish","type":"page","link":"https:\/\/downtownmoncton.com\/fr\/blog\/","title":{"rendered":"Blogue"},"content":{"rendered":"<div class=\"fusion-fullwidth fullwidth-box fusion-builder-row-1 fusion-flex-container nonhundred-percent-fullwidth non-hundred-percent-height-scrolling\" style=\"--awb-border-radius-top-left:0px;--awb-border-radius-top-right:0px;--awb-border-radius-bottom-right:0px;--awb-border-radius-bottom-left:0px;--awb-padding-top:25px;--awb-margin-bottom:50px;--awb-flex-wrap:wrap;\" ><div class=\"fusion-builder-row fusion-row fusion-flex-align-items-flex-start fusion-flex-content-wrap\" style=\"max-width:1248px;margin-left: calc(-4% \/ 2 );margin-right: calc(-4% \/ 2 );\"><div class=\"fusion-layout-column fusion_builder_column fusion-builder-column-0 fusion_builder_column_1_1 1_1 fusion-flex-column\" style=\"--awb-padding-bottom:25px;--awb-bg-size:cover;--awb-width-large:100%;--awb-margin-top-large:10px;--awb-spacing-right-large:3.84%;--awb-margin-bottom-large:10px;--awb-spacing-left-large:1.92%;--awb-width-medium:100%;--awb-spacing-right-medium:1.92%;--awb-spacing-left-medium:1.92%;--awb-width-small:100%;--awb-spacing-right-small:1.92%;--awb-spacing-left-small:1.92%;\"><div class=\"fusion-column-wrapper fusion-flex-justify-content-flex-start fusion-content-layout-column\"><div class=\"fusion-blog-shortcode fusion-blog-shortcode-1 fusion-blog-archive fusion-blog-layout-grid-wrapper fusion-blog-pagination fusion-blog-no-images fusion-blog-layout-left\"><style type=\"text\/css\">.fusion-blog-shortcode-1 .fusion-blog-layout-grid .fusion-post-grid{padding:20px;}.fusion-blog-shortcode-1 .fusion-posts-container{margin-left: -20px !important; margin-right:-20px !important;}<\/style><div class=\"fusion-posts-container fusion-posts-container-pagination fusion-blog-layout-grid fusion-blog-layout-grid-2 isotope fusion-blog-equal-heights\" data-pages=\"4\" data-grid-col-space=\"40\" style=\"margin: -20px -20px 0;min-height:500px;\"><article id=\"blog-1-post-21136\" class=\"fusion-post-grid post-21136 post type-post status-publish format-standard has-post-thumbnail hentry category-blog-fr category-en-vedette\">\n<div class=\"fusion-post-wrapper\" style=\"background-color:var(--awb-color1);border:1px solid var(--awb-color1);border-bottom-width:3px;\"><div class=\"fusion-post-content-wrapper\" style=\"padding:15px 25px 15px 25px;\"><div class=\"fusion-post-content post-content\"><h2 class=\"blog-shortcode-post-title entry-title\"><a href=\"https:\/\/downtownmoncton.com\/fr\/blog-fr\/une-experience-inoubliable-au-nakai-spa-la-ou-chaque-detail-compte\/\">Une exp\u00e9rience inoubliable au Nakai Spa : L\u00e0 o\u00f9 chaque d\u00e9tail compte<\/a><\/h2><p class=\"fusion-single-line-meta\"><span class=\"vcard\" style=\"display: none;\"><span class=\"fn\"><a href=\"https:\/\/downtownmoncton.com\/fr\/author\/dmci\/\" title=\"Articles par Downtown Moncton Centre-ville\" rel=\"author\">Downtown Moncton Centre-ville<\/a><\/span><\/span><span class=\"updated\" style=\"display:none;\">2024-12-03T10:14:55-04:00<\/span><span>3 D\u00e9cembre 2024<\/span><span class=\"fusion-inline-sep\">|<\/span><\/p><div class=\"fusion-content-sep sep-none\"><\/div><div class=\"fusion-post-content-container\"><p> Pour se d\u00e9tendre et se ressourcer, le Nakai Spa est plus qu'une exp\u00e9rience de spa typique. Log\u00e9 dans un ...<\/p><\/div><\/div><\/div><div class=\"fusion-clearfix\"><\/div><\/div>\n<\/article>\n<article id=\"blog-1-post-7460\" class=\"fusion-post-grid post-7460 post type-post status-publish format-standard has-post-thumbnail hentry category-blog-fr category-le-detail\">\n<div class=\"fusion-post-wrapper\" style=\"background-color:var(--awb-color1);border:1px solid var(--awb-color1);border-bottom-width:3px;\"><div class=\"fusion-post-content-wrapper\" style=\"padding:15px 25px 15px 25px;\"><div class=\"fusion-post-content post-content\"><h2 class=\"blog-shortcode-post-title entry-title\"><a href=\"https:\/\/downtownmoncton.com\/fr\/blog-fr\/boutique-stile-fashion-and-accessories\/\">Boutique Stile Fashion &#038; Accessories<\/a><\/h2><p class=\"fusion-single-line-meta\"><span class=\"vcard\" style=\"display: none;\"><span class=\"fn\"><a href=\"https:\/\/downtownmoncton.com\/fr\/author\/dmci\/\" title=\"Articles par Downtown Moncton Centre-ville\" rel=\"author\">Downtown Moncton Centre-ville<\/a><\/span><\/span><span class=\"updated\" style=\"display:none;\">2023-03-29T12:52:48-03:00<\/span><span>23 mars 2022<\/span><span class=\"fusion-inline-sep\">|<\/span><\/p><div class=\"fusion-content-sep sep-none\"><\/div><div class=\"fusion-post-content-container\"><p> La superbe boutique Stile Fashion &amp; Accessories a pignon sur rue au centre-ville de Moncton et, comme bien d\u2019autres ...<\/p><\/div><\/div><\/div><div class=\"fusion-clearfix\"><\/div><\/div>\n<\/article>\n<article id=\"blog-1-post-7589\" class=\"fusion-post-grid post-7589 post type-post status-publish format-standard has-post-thumbnail hentry category-blog-fr category-en-vedette category-le-detail\">\n<div class=\"fusion-post-wrapper\" style=\"background-color:var(--awb-color1);border:1px solid var(--awb-color1);border-bottom-width:3px;\"><div class=\"fusion-post-content-wrapper\" style=\"padding:15px 25px 15px 25px;\"><div class=\"fusion-post-content post-content\"><h2 class=\"blog-shortcode-post-title entry-title\"><a href=\"https:\/\/downtownmoncton.com\/fr\/le-detail\/centre-ville-saint-valentin\/\">Centre-ville pour la Saint-Valentin<\/a><\/h2><p class=\"fusion-single-line-meta\"><span class=\"vcard\" style=\"display: none;\"><span class=\"fn\"><a href=\"https:\/\/downtownmoncton.com\/fr\/author\/dmci\/\" title=\"Articles par Downtown Moncton Centre-ville\" rel=\"author\">Downtown Moncton Centre-ville<\/a><\/span><\/span><span class=\"updated\" style=\"display:none;\">2024-06-27T14:42:25-03:00<\/span><span>10 f\u00e9vrier 2021<\/span><span class=\"fusion-inline-sep\">|<\/span><\/p><div class=\"fusion-content-sep sep-none\"><\/div><div class=\"fusion-post-content-container\"><p>La derni\u00e8re ann\u00e9e a \u00e9t\u00e9, pour plusieurs, celle o\u00f9 ils ont pass\u00e9 le plus de temps cumulatif aupr\u00e8s d\u2019un \u00eatre cher tandis que pour d\u2019autres, elle a \u00e9t\u00e9 source de nombreux d\u00e9fis, dont celui de composer avec une pand\u00e9mie mondiale. On peut facilement paraphraser ce temps pass\u00e9 ensemble ou s\u00e9par\u00e9ment : \u00e0 la fois le meilleur et le pire moment. <\/p><\/div><\/div><\/div><div class=\"fusion-clearfix\"><\/div><\/div>\n<\/article>\n<article id=\"blog-1-post-7417\" class=\"fusion-post-grid post-7417 post type-post status-publish format-standard has-post-thumbnail hentry category-arts-culture-fr category-blog-fr\">\n<div class=\"fusion-post-wrapper\" style=\"background-color:var(--awb-color1);border:1px solid var(--awb-color1);border-bottom-width:3px;\"><div class=\"fusion-post-content-wrapper\" style=\"padding:15px 25px 15px 25px;\"><div class=\"fusion-post-content post-content\"><h2 class=\"blog-shortcode-post-title entry-title\"><a href=\"https:\/\/downtownmoncton.com\/fr\/blog-fr\/starving-artist-gallery-and-gifts\/\">Starving Artist Gallery and Gifts<\/a><\/h2><p class=\"fusion-single-line-meta\"><span class=\"vcard\" style=\"display: none;\"><span class=\"fn\"><a href=\"https:\/\/downtownmoncton.com\/fr\/author\/staff\/\" title=\"Articles par DMCI Staff\" rel=\"author\">DMCI Staff<\/a><\/span><\/span><span class=\"updated\" style=\"display:none;\">2024-06-27T14:47:45-03:00<\/span><span>26 novembre 2020<\/span><span class=\"fusion-inline-sep\">|<\/span><\/p><div class=\"fusion-content-sep sep-none\"><\/div><div class=\"fusion-post-content-container\"><p>Starving Artist porte un nom pour le moins inusit\u00e9 puisque litt\u00e9ralement, il d\u00e9signe un artiste affam\u00e9. L\u2019entreprise locale situ\u00e9e au centre-ville, \u00e9galement connue sous le nom de Starving Artist Caf\u00e9 ou Starving Artist Gallery &amp; Gifts, est une boutique unique qui propose une s\u00e9lection d'\u0153uvres vari\u00e9es issues de l\u2019art local. Vous y trouverez des poteries, des bijoux, des peintures, des gravures et bien d'autres choses encore.<\/p><\/div><\/div><\/div><div class=\"fusion-clearfix\"><\/div><\/div>\n<\/article>\n<article id=\"blog-1-post-7387\" class=\"fusion-post-grid post-7387 post type-post status-publish format-standard has-post-thumbnail hentry category-le-detail\">\n<div class=\"fusion-post-wrapper\" style=\"background-color:var(--awb-color1);border:1px solid var(--awb-color1);border-bottom-width:3px;\"><div class=\"fusion-post-content-wrapper\" style=\"padding:15px 25px 15px 25px;\"><div class=\"fusion-post-content post-content\"><h2 class=\"blog-shortcode-post-title entry-title\"><a href=\"https:\/\/downtownmoncton.com\/fr\/le-detail\/elle-mio\/\">Elle Mio<\/a><\/h2><p class=\"fusion-single-line-meta\"><span class=\"vcard\" style=\"display: none;\"><span class=\"fn\"><a href=\"https:\/\/downtownmoncton.com\/fr\/author\/staff\/\" title=\"Articles par DMCI Staff\" rel=\"author\">DMCI Staff<\/a><\/span><\/span><span class=\"updated\" style=\"display:none;\">2022-12-08T14:03:54-04:00<\/span><span>19 novembre 2020<\/span><span class=\"fusion-inline-sep\">|<\/span><\/p><div class=\"fusion-content-sep sep-none\"><\/div><div class=\"fusion-post-content-container\"><p>Depuis son ouverture au 735 de la rue Main il y a quatre ans, cette boutique distinctive conna\u00eet un succ\u00e8s sans \u00e9gal. La premi\u00e8re boutique Elle Mio a ouvert ses portes \u00e0 Fredericton au Nouveau-Brunswick. Apr\u00e8s avoir constat\u00e9 que beaucoup de clientes de la boutique venaient de la r\u00e9gion du Grand Moncton, la propri\u00e9taire Ronda Daigle a vite r\u00e9alis\u00e9 que ce serait l\u2019endroit id\u00e9al pour ouvrir une deuxi\u00e8me boutique.<\/p><\/div><\/div><\/div><div class=\"fusion-clearfix\"><\/div><\/div>\n<\/article>\n<article id=\"blog-1-post-6803\" class=\"fusion-post-grid post-6803 post type-post status-publish format-standard has-post-thumbnail hentry category-en-vedette\">\n<div class=\"fusion-post-wrapper\" style=\"background-color:var(--awb-color1);border:1px solid var(--awb-color1);border-bottom-width:3px;\"><div class=\"fusion-post-content-wrapper\" style=\"padding:15px 25px 15px 25px;\"><div class=\"fusion-post-content post-content\"><h2 class=\"blog-shortcode-post-title entry-title\"><a href=\"https:\/\/downtownmoncton.com\/fr\/en-vedette\/marche-moncton\/\">March\u00e9 Moncton<\/a><\/h2><p class=\"fusion-single-line-meta\"><span class=\"vcard\" style=\"display: none;\"><span class=\"fn\"><a href=\"https:\/\/downtownmoncton.com\/fr\/author\/staff\/\" title=\"Articles par DMCI Staff\" rel=\"author\">DMCI Staff<\/a><\/span><\/span><span class=\"updated\" style=\"display:none;\">2022-12-08T14:21:46-04:00<\/span><span>9 juillet 2020<\/span><span class=\"fusion-inline-sep\">|<\/span><\/p><div class=\"fusion-content-sep sep-none\"><\/div><div class=\"fusion-post-content-container\"><p>Saviez-vous que le March\u00e9 Moncton existe depuis plus de 100 ans? Il a ouvert ses portes pour la premi\u00e8re fois le 6 d\u00e9cembre 1884 et depuis, n\u2019a cess\u00e9 d\u2019\u00eatre une entreprise florissante. Il a chang\u00e9 deux fois d\u2019adresse, pour avoir maintenant pignon sur rue au 120, rue Westmorland. En plus de conna\u00eetre une croissance constante, le March\u00e9 Moncton a \u00e9galement pu compter sur une grande vari\u00e9t\u00e9 de marchands qui ont contribu\u00e9 \u00e0 le distinguer comme une destination de choix au centre-ville de Moncton.<\/p><\/div><\/div><\/div><div class=\"fusion-clearfix\"><\/div><\/div>\n<\/article>\n<div class=\"fusion-clearfix\"><\/div><\/div><div class=\"pagination clearfix\"><span class=\"current\">1<\/span><a href=\"https:\/\/downtownmoncton.com\/fr\/wp-json\/wp\/v2\/pages\/11209\/page\/2\/\" class=\"inactive\">2<\/a><a class=\"pagination-next\" rel=\"next\" href=\"https:\/\/downtownmoncton.com\/fr\/wp-json\/wp\/v2\/pages\/11209\/page\/2\/\"><span class=\"page-text\">Suivant<\/span><span class=\"page-next\"><\/span><\/a><\/div><div class=\"fusion-clearfix\"><\/div><\/div><\/div><\/div><\/div><\/div>\n","protected":false},"excerpt":{"rendered":"","protected":false},"author":1,"featured_media":0,"parent":0,"menu_order":0,"comment_status":"closed","ping_status":"closed","template":"100-width.php","meta":{"_monsterinsights_skip_tracking":false,"_monsterinsights_sitenote_active":false,"_monsterinsights_sitenote_note":"","_monsterinsights_sitenote_category":0,"footnotes":""},"class_list":["post-11209","page","type-page","status-publish","hentry"],"yoast_head":"<!-- This site is optimized with the Yoast SEO plugin v27.3 - https:\/\/yoast.com\/product\/yoast-seo-wordpress\/ -->\n<title>Blogue - Downtown Moncton Centre-ville Inc.<\/title>\n<meta name=\"robots\" content=\"index, follow, max-snippet:-1, max-image-preview:large, max-video-preview:-1\" \/>\n<link rel=\"canonical\" href=\"https:\/\/downtownmoncton.com\/fr\/blog\/\" \/>\n<meta property=\"og:locale\" content=\"fr_CA\" \/>\n<meta property=\"og:type\" content=\"article\" \/>\n<meta property=\"og:title\" content=\"Blogue - Downtown Moncton Centre-ville Inc.\" \/>\n<meta property=\"og:url\" content=\"https:\/\/downtownmoncton.com\/fr\/blog\/\" \/>\n<meta property=\"og:site_name\" content=\"Downtown Moncton Centre-ville Inc.\" \/>\n<meta property=\"article:modified_time\" content=\"2023-03-30T11:37:57+00:00\" \/>\n<meta name=\"twitter:card\" content=\"summary_large_image\" \/>\n<meta name=\"twitter:label1\" content=\"Estimation du temps de lecture\" \/>\n\t<meta name=\"twitter:data1\" content=\"1 minute\" \/>\n<script type=\"application\/ld+json\" class=\"yoast-schema-graph\">{\"@context\":\"https:\\\/\\\/schema.org\",\"@graph\":[{\"@type\":\"WebPage\",\"@id\":\"https:\\\/\\\/downtownmoncton.com\\\/fr\\\/blog\\\/\",\"url\":\"https:\\\/\\\/downtownmoncton.com\\\/fr\\\/blog\\\/\",\"name\":\"Blogue - Downtown Moncton Centre-ville Inc.\",\"isPartOf\":{\"@id\":\"https:\\\/\\\/downtownmoncton.com\\\/#website\"},\"datePublished\":\"2022-06-10T17:14:07+00:00\",\"dateModified\":\"2023-03-30T11:37:57+00:00\",\"breadcrumb\":{\"@id\":\"https:\\\/\\\/downtownmoncton.com\\\/fr\\\/blog\\\/#breadcrumb\"},\"inLanguage\":\"fr-CA\",\"potentialAction\":[{\"@type\":\"ReadAction\",\"target\":[\"https:\\\/\\\/downtownmoncton.com\\\/fr\\\/blog\\\/\"]}]},{\"@type\":\"BreadcrumbList\",\"@id\":\"https:\\\/\\\/downtownmoncton.com\\\/fr\\\/blog\\\/#breadcrumb\",\"itemListElement\":[{\"@type\":\"ListItem\",\"position\":1,\"name\":\"Home\",\"item\":\"https:\\\/\\\/downtownmoncton.com\\\/fr\\\/\"},{\"@type\":\"ListItem\",\"position\":2,\"name\":\"Blogue\"}]},{\"@type\":\"WebSite\",\"@id\":\"https:\\\/\\\/downtownmoncton.com\\\/#website\",\"url\":\"https:\\\/\\\/downtownmoncton.com\\\/\",\"name\":\"Downtown Moncton Centre-ville Inc.\",\"description\":\"Dedicated to the heart of Metro Moncton!\",\"potentialAction\":[{\"@type\":\"SearchAction\",\"target\":{\"@type\":\"EntryPoint\",\"urlTemplate\":\"https:\\\/\\\/downtownmoncton.com\\\/?s={search_term_string}\"},\"query-input\":{\"@type\":\"PropertyValueSpecification\",\"valueRequired\":true,\"valueName\":\"search_term_string\"}}],\"inLanguage\":\"fr-CA\"}]}<\/script>\n<!-- \/ Yoast SEO plugin. -->","yoast_head_json":{"title":"Blogue - Downtown Moncton Centre-ville Inc.","robots":{"index":"index","follow":"follow","max-snippet":"max-snippet:-1","max-image-preview":"max-image-preview:large","max-video-preview":"max-video-preview:-1"},"canonical":"https:\/\/downtownmoncton.com\/fr\/blog\/","og_locale":"fr_CA","og_type":"article","og_title":"Blogue - Downtown Moncton Centre-ville Inc.","og_url":"https:\/\/downtownmoncton.com\/fr\/blog\/","og_site_name":"Downtown Moncton Centre-ville Inc.","article_modified_time":"2023-03-30T11:37:57+00:00","twitter_card":"summary_large_image","twitter_misc":{"Estimation du temps de lecture":"1 minute"},"schema":{"@context":"https:\/\/schema.org","@graph":[{"@type":"WebPage","@id":"https:\/\/downtownmoncton.com\/fr\/blog\/","url":"https:\/\/downtownmoncton.com\/fr\/blog\/","name":"Blogue - Downtown Moncton Centre-ville Inc.","isPartOf":{"@id":"https:\/\/downtownmoncton.com\/#website"},"datePublished":"2022-06-10T17:14:07+00:00","dateModified":"2023-03-30T11:37:57+00:00","breadcrumb":{"@id":"https:\/\/downtownmoncton.com\/fr\/blog\/#breadcrumb"},"inLanguage":"fr-CA","potentialAction":[{"@type":"ReadAction","target":["https:\/\/downtownmoncton.com\/fr\/blog\/"]}]},{"@type":"BreadcrumbList","@id":"https:\/\/downtownmoncton.com\/fr\/blog\/#breadcrumb","itemListElement":[{"@type":"ListItem","position":1,"name":"Home","item":"https:\/\/downtownmoncton.com\/fr\/"},{"@type":"ListItem","position":2,"name":"Blogue"}]},{"@type":"WebSite","@id":"https:\/\/downtownmoncton.com\/#website","url":"https:\/\/downtownmoncton.com\/","name":"Downtown Moncton Centre-ville Inc.","description":"Dedicated to the heart of Metro Moncton!","potentialAction":[{"@type":"SearchAction","target":{"@type":"EntryPoint","urlTemplate":"https:\/\/downtownmoncton.com\/?s={search_term_string}"},"query-input":{"@type":"PropertyValueSpecification","valueRequired":true,"valueName":"search_term_string"}}],"inLanguage":"fr-CA"}]}},"_links":{"self":[{"href":"https:\/\/downtownmoncton.com\/fr\/wp-json\/wp\/v2\/pages\/11209","targetHints":{"allow":["GET"]}}],"collection":[{"href":"https:\/\/downtownmoncton.com\/fr\/wp-json\/wp\/v2\/pages"}],"about":[{"href":"https:\/\/downtownmoncton.com\/fr\/wp-json\/wp\/v2\/types\/page"}],"author":[{"embeddable":true,"href":"https:\/\/downtownmoncton.com\/fr\/wp-json\/wp\/v2\/users\/1"}],"replies":[{"embeddable":true,"href":"https:\/\/downtownmoncton.com\/fr\/wp-json\/wp\/v2\/comments?post=11209"}],"version-history":[{"count":6,"href":"https:\/\/downtownmoncton.com\/fr\/wp-json\/wp\/v2\/pages\/11209\/revisions"}],"predecessor-version":[{"id":11294,"href":"https:\/\/downtownmoncton.com\/fr\/wp-json\/wp\/v2\/pages\/11209\/revisions\/11294"}],"wp:attachment":[{"href":"https:\/\/downtownmoncton.com\/fr\/wp-json\/wp\/v2\/media?parent=11209"}],"curies":[{"name":"wp","href":"https:\/\/api.w.org\/{rel}","templated":true}]}}