{"id":10875,"date":"2022-06-10T14:18:34","date_gmt":"2022-06-10T17:18:34","guid":{"rendered":"https:\/\/downtownmoncton.com\/gift-cards\/"},"modified":"2024-11-10T20:33:32","modified_gmt":"2024-11-11T00:33:32","slug":"cartes-cadeaux","status":"publish","type":"page","link":"https:\/\/downtownmoncton.com\/fr\/programmes\/cartes-cadeaux\/","title":{"rendered":"Programme des cartes-cadeaux centre-ville Moncton"},"content":{"rendered":"<div class=\"fusion-fullwidth fullwidth-box fusion-builder-row-1 fusion-flex-container nonhundred-percent-fullwidth non-hundred-percent-height-scrolling\" style=\"--awb-border-radius-top-left:0px;--awb-border-radius-top-right:0px;--awb-border-radius-bottom-right:0px;--awb-border-radius-bottom-left:0px;--awb-flex-wrap:wrap;\" ><div class=\"fusion-builder-row fusion-row fusion-flex-align-items-flex-start fusion-flex-content-wrap\" style=\"max-width:1248px;margin-left: calc(-4% \/ 2 );margin-right: calc(-4% \/ 2 );\"><div class=\"fusion-layout-column fusion_builder_column fusion-builder-column-0 fusion_builder_column_1_1 1_1 fusion-flex-column\" style=\"--awb-bg-size:cover;--awb-width-large:100%;--awb-margin-top-large:10px;--awb-spacing-right-large:1.92%;--awb-margin-bottom-large:10px;--awb-spacing-left-large:1.92%;--awb-width-medium:100%;--awb-order-medium:0;--awb-spacing-right-medium:1.92%;--awb-spacing-left-medium:1.92%;--awb-width-small:100%;--awb-order-small:0;--awb-spacing-right-small:1.92%;--awb-spacing-left-small:1.92%;\"><div class=\"fusion-column-wrapper fusion-column-has-shadow fusion-flex-justify-content-flex-start fusion-content-layout-column\"><\/div><\/div><div class=\"fusion-layout-column fusion_builder_column fusion-builder-column-1 fusion_builder_column_2_3 2_3 fusion-flex-column\" style=\"--awb-bg-size:cover;--awb-width-large:66.666666666667%;--awb-margin-top-large:10px;--awb-spacing-right-large:2.88%;--awb-margin-bottom-large:10px;--awb-spacing-left-large:2.88%;--awb-width-medium:100%;--awb-order-medium:0;--awb-spacing-right-medium:1.92%;--awb-spacing-left-medium:1.92%;--awb-width-small:100%;--awb-order-small:0;--awb-spacing-right-small:1.92%;--awb-spacing-left-small:1.92%;\"><div class=\"fusion-column-wrapper fusion-column-has-shadow fusion-flex-justify-content-flex-start fusion-content-layout-column\"><div class=\"fusion-text fusion-text-1\" style=\"--awb-text-transform:none;\"><h2>Les Cartes-cadeaux Centre-ville Moncton sont des cartes-cadeaux universelles que l\u2019on peut utiliser dans les entreprises participantes du centre-ville de Moncton et \u00e0 tous les parcom\u00e8tres du centre-ville.<\/h2>\n<\/div><div class=\"fusion-text fusion-text-2\" style=\"--awb-text-transform:none;\"><p>Le programme s\u2019adresse sans frais \u00e0 toutes les entreprises du centre-ville de Moncton. Il est facile de participer au programme et cela ne co\u00fbte rien. De plus, les Cartes-cadeaux Centre-ville Moncton encouragent les d\u00e9penses locales. En acceptant les Cartes-cadeaux Centre-ville Moncton d\u2019un client, votre entreprise profite en plus d\u2019un programme fantastique!<\/p>\n<\/div><div class=\"fusion-builder-row fusion-builder-row-inner fusion-row fusion-flex-align-items-flex-start fusion-flex-content-wrap\" style=\"--awb-flex-grow:0;--awb-flex-grow-medium:0;--awb-flex-grow-small:0;--awb-flex-shrink:0;--awb-flex-shrink-medium:0;--awb-flex-shrink-small:0;width:104% !important;max-width:104% !important;margin-left: calc(-4% \/ 2 );margin-right: calc(-4% \/ 2 );\"><div class=\"fusion-layout-column fusion_builder_column_inner fusion-builder-nested-column-0 fusion_builder_column_inner_1_2 1_2 fusion-flex-column\" style=\"--awb-bg-size:cover;--awb-width-large:50%;--awb-margin-top-large:10px;--awb-spacing-right-large:3.84%;--awb-margin-bottom-large:10px;--awb-spacing-left-large:3.84%;--awb-width-medium:100%;--awb-order-medium:0;--awb-spacing-right-medium:1.92%;--awb-spacing-left-medium:1.92%;--awb-width-small:100%;--awb-order-small:0;--awb-spacing-right-small:1.92%;--awb-spacing-left-small:1.92%;\"><div class=\"fusion-column-wrapper fusion-column-has-shadow fusion-flex-justify-content-flex-start fusion-content-layout-column\"><div style=\"text-align:left;\"><a class=\"fusion-button button-flat fusion-button-default-size button-default fusion-button-default button-1 fusion-button-default-span fusion-button-default-type\" style=\"--awb-margin-top:7px;\" target=\"_self\" href=\"https:\/\/downtownmoncton.com\/fr\/repertoire-dentreprises\/?category_id=89\"><span class=\"fusion-button-text awb-button__text awb-button__text--default\"> ENTREPRISES PARTICIPANTES<\/span><\/a><\/div><\/div><\/div><div class=\"fusion-layout-column fusion_builder_column_inner fusion-builder-nested-column-1 fusion_builder_column_inner_1_2 1_2 fusion-flex-column\" style=\"--awb-bg-size:cover;--awb-width-large:50%;--awb-margin-top-large:10px;--awb-spacing-right-large:3.84%;--awb-margin-bottom-large:10px;--awb-spacing-left-large:3.84%;--awb-width-medium:100%;--awb-order-medium:0;--awb-spacing-right-medium:1.92%;--awb-spacing-left-medium:1.92%;--awb-width-small:100%;--awb-order-small:0;--awb-spacing-right-small:1.92%;--awb-spacing-left-small:1.92%;\"><div class=\"fusion-column-wrapper fusion-column-has-shadow fusion-flex-justify-content-flex-start fusion-content-layout-column\"><div style=\"text-align:left;\"><a class=\"fusion-button button-flat fusion-button-default-size button-default fusion-button-default button-2 fusion-button-default-span fusion-button-default-type\" style=\"--awb-margin-top:7px;\" target=\"_self\" href=\"https:\/\/downtownmoncton.com\/fr\/product\/carte-cadeau-centre-ville-moncton\/\"><span class=\"fusion-button-text awb-button__text awb-button__text--default\">ACHETEZ EN LIGNE<\/span><\/a><\/div><\/div><\/div><\/div><\/div><\/div><div class=\"fusion-layout-column fusion_builder_column fusion-builder-column-2 fusion_builder_column_1_3 1_3 fusion-flex-column\" style=\"--awb-bg-size:cover;--awb-width-large:33.333333333333%;--awb-margin-top-large:10px;--awb-spacing-right-large:5.76%;--awb-margin-bottom-large:10px;--awb-spacing-left-large:5.76%;--awb-width-medium:100%;--awb-order-medium:0;--awb-spacing-right-medium:1.92%;--awb-spacing-left-medium:1.92%;--awb-width-small:100%;--awb-order-small:0;--awb-spacing-right-small:1.92%;--awb-spacing-left-small:1.92%;\"><div class=\"fusion-column-wrapper fusion-column-has-shadow fusion-flex-justify-content-flex-start fusion-content-layout-column\"><div class=\"fusion-image-element \" style=\"text-align:center;--awb-caption-title-font-family:var(--h2_typography-font-family);--awb-caption-title-font-weight:var(--h2_typography-font-weight);--awb-caption-title-font-style:var(--h2_typography-font-style);--awb-caption-title-size:var(--h2_typography-font-size);--awb-caption-title-transform:var(--h2_typography-text-transform);--awb-caption-title-line-height:var(--h2_typography-line-height);--awb-caption-title-letter-spacing:var(--h2_typography-letter-spacing);\"><span class=\" fusion-imageframe imageframe-none imageframe-1 hover-type-none\"><img decoding=\"async\" width=\"250\" height=\"299\" title=\"giftcard-page-background\" src=\"https:\/\/downtownmoncton.com\/wp-content\/uploads\/2022\/06\/giftcard-page-background.gif\" alt class=\"img-responsive wp-image-3311\"\/><\/span><\/div><\/div><\/div><div class=\"fusion-layout-column fusion_builder_column fusion-builder-column-3 fusion_builder_column_1_1 1_1 fusion-flex-column\" style=\"--awb-bg-size:cover;--awb-width-large:100%;--awb-margin-top-large:10px;--awb-spacing-right-large:1.92%;--awb-margin-bottom-large:10px;--awb-spacing-left-large:1.92%;--awb-width-medium:100%;--awb-order-medium:0;--awb-spacing-right-medium:1.92%;--awb-spacing-left-medium:1.92%;--awb-width-small:100%;--awb-order-small:0;--awb-spacing-right-small:1.92%;--awb-spacing-left-small:1.92%;\"><div class=\"fusion-column-wrapper fusion-column-has-shadow fusion-flex-justify-content-flex-start fusion-content-layout-column\"><div class=\"fusion-text fusion-text-3\" style=\"--awb-text-transform:none;--awb-margin-top:21px;\"><h3>Pourquoi accepter les Cartes-cadeaux Centre-ville Moncton?<\/h3>\n<\/div><div class=\"fusion-builder-row fusion-builder-row-inner fusion-row fusion-flex-align-items-flex-start fusion-flex-content-wrap\" style=\"--awb-flex-grow:0;--awb-flex-grow-medium:0;--awb-flex-grow-small:0;--awb-flex-shrink:0;--awb-flex-shrink-medium:0;--awb-flex-shrink-small:0;width:104% !important;max-width:104% !important;margin-left: calc(-4% \/ 2 );margin-right: calc(-4% \/ 2 );\"><div class=\"fusion-layout-column fusion_builder_column_inner fusion-builder-nested-column-2 fusion_builder_column_inner_1_2 1_2 fusion-flex-column\" style=\"--awb-bg-size:cover;--awb-width-large:50%;--awb-margin-top-large:10px;--awb-spacing-right-large:3.84%;--awb-margin-bottom-large:10px;--awb-spacing-left-large:3.84%;--awb-width-medium:100%;--awb-order-medium:0;--awb-spacing-right-medium:1.92%;--awb-spacing-left-medium:1.92%;--awb-width-small:100%;--awb-order-small:0;--awb-spacing-right-small:1.92%;--awb-spacing-left-small:1.92%;\"><div class=\"fusion-column-wrapper fusion-column-has-shadow fusion-flex-justify-content-flex-start fusion-content-layout-column\"><ul style=\"--awb-line-height:27.2px;--awb-icon-width:27.2px;--awb-icon-height:27.2px;--awb-icon-margin:11.2px;--awb-content-margin:38.4px;\" class=\"fusion-checklist fusion-checklist-1 fusion-checklist-default fusion-checklist-divider type-icons\"><li class=\"fusion-li-item\" style=\"\"><span class=\"icon-wrapper circle-no\"><i class=\"fusion-li-icon fa-coins fas\" aria-hidden=\"true\"><\/i><\/span><div class=\"fusion-li-item-content\">\n<p>La participation ne co\u00fbte rien<\/p>\n<\/div><\/li><li class=\"fusion-li-item\" style=\"\"><span class=\"icon-wrapper circle-no\"><i class=\"fusion-li-icon fa-money-check-alt fas\" aria-hidden=\"true\"><\/i><\/span><div class=\"fusion-li-item-content\">\n<p>Le programme encourage le magasinage au centre-ville<\/p>\n<\/div><\/li><li class=\"fusion-li-item\" style=\"\"><span class=\"icon-wrapper circle-no\"><i class=\"fusion-li-icon fa-user-check fas\" aria-hidden=\"true\"><\/i><\/span><div class=\"fusion-li-item-content\">\n<p>Cela attire de nouveaux clients<\/p>\n<\/div><\/li><li class=\"fusion-li-item\" style=\"\"><span class=\"icon-wrapper circle-no\"><i class=\"fusion-li-icon fa-vote-yea fas\" aria-hidden=\"true\"><\/i><\/span><div class=\"fusion-li-item-content\">\n<p>Les clients s\u2019attendront \u00e0 ce que les entreprises du centre-ville de Moncton les acceptent<\/p>\n<\/div><\/li><li class=\"fusion-li-item\" style=\"\"><span class=\"icon-wrapper circle-no\"><i class=\"fusion-li-icon fa-thumbs-up fas\" aria-hidden=\"true\"><\/i><\/span><div class=\"fusion-li-item-content\">\n<p>Elles sont faciles \u00e0 \u00e9changer<\/p>\n<\/div><\/li><\/ul><\/div><\/div><div class=\"fusion-layout-column fusion_builder_column_inner fusion-builder-nested-column-3 fusion_builder_column_inner_1_2 1_2 fusion-flex-column\" style=\"--awb-bg-size:cover;--awb-width-large:50%;--awb-margin-top-large:10px;--awb-spacing-right-large:3.84%;--awb-margin-bottom-large:10px;--awb-spacing-left-large:3.84%;--awb-width-medium:100%;--awb-order-medium:0;--awb-spacing-right-medium:1.92%;--awb-spacing-left-medium:1.92%;--awb-width-small:100%;--awb-order-small:0;--awb-spacing-right-small:1.92%;--awb-spacing-left-small:1.92%;\"><div class=\"fusion-column-wrapper fusion-column-has-shadow fusion-flex-justify-content-flex-start fusion-content-layout-column\"><div class=\"fusion-image-element \" style=\"--awb-caption-title-font-family:var(--h2_typography-font-family);--awb-caption-title-font-weight:var(--h2_typography-font-weight);--awb-caption-title-font-style:var(--h2_typography-font-style);--awb-caption-title-size:var(--h2_typography-font-size);--awb-caption-title-transform:var(--h2_typography-text-transform);--awb-caption-title-line-height:var(--h2_typography-line-height);--awb-caption-title-letter-spacing:var(--h2_typography-letter-spacing);\"><span class=\" fusion-imageframe imageframe-none imageframe-2 hover-type-none\"><img decoding=\"async\" width=\"382\" height=\"253\" title=\"gift-card-french\" src=\"https:\/\/downtownmoncton.com\/wp-content\/uploads\/2022\/06\/gift-card-french.png\" alt class=\"img-responsive wp-image-3110\"\/><\/span><\/div><\/div><\/div><\/div><\/div><\/div><div class=\"fusion-layout-column fusion_builder_column fusion-builder-column-4 fusion_builder_column_1_1 1_1 fusion-flex-column\" style=\"--awb-bg-size:cover;--awb-width-large:100%;--awb-margin-top-large:10px;--awb-spacing-right-large:1.92%;--awb-margin-bottom-large:10px;--awb-spacing-left-large:1.92%;--awb-width-medium:100%;--awb-order-medium:0;--awb-spacing-right-medium:1.92%;--awb-spacing-left-medium:1.92%;--awb-width-small:100%;--awb-order-small:0;--awb-spacing-right-small:1.92%;--awb-spacing-left-small:1.92%;\"><div class=\"fusion-column-wrapper fusion-column-has-shadow fusion-flex-justify-content-flex-start fusion-content-layout-column\"><div class=\"fusion-text fusion-text-4\" style=\"--awb-text-transform:none;--awb-margin-top:21px;\"><h3>Fonctionnement du programme :<\/h3>\n<\/div><div class=\"fusion-builder-row fusion-builder-row-inner fusion-row fusion-flex-align-items-flex-start fusion-flex-content-wrap\" style=\"--awb-flex-grow:0;--awb-flex-grow-medium:0;--awb-flex-grow-small:0;--awb-flex-shrink:0;--awb-flex-shrink-medium:0;--awb-flex-shrink-small:0;width:104% !important;max-width:104% !important;margin-left: calc(-4% \/ 2 );margin-right: calc(-4% \/ 2 );\"><div class=\"fusion-layout-column fusion_builder_column_inner fusion-builder-nested-column-4 fusion_builder_column_inner_2_3 2_3 fusion-flex-column\" style=\"--awb-bg-size:cover;--awb-width-large:66.666666666667%;--awb-margin-top-large:10px;--awb-spacing-right-large:2.88%;--awb-margin-bottom-large:10px;--awb-spacing-left-large:2.88%;--awb-width-medium:100%;--awb-order-medium:0;--awb-spacing-right-medium:1.92%;--awb-spacing-left-medium:1.92%;--awb-width-small:100%;--awb-order-small:0;--awb-spacing-right-small:1.92%;--awb-spacing-left-small:1.92%;\"><div class=\"fusion-column-wrapper fusion-column-has-shadow fusion-flex-justify-content-flex-start fusion-content-layout-column\"><ul style=\"--awb-line-height:27.2px;--awb-icon-width:27.2px;--awb-icon-height:27.2px;--awb-icon-margin:11.2px;--awb-content-margin:38.4px;\" class=\"fusion-checklist fusion-checklist-2 fusion-checklist-default fusion-checklist-divider type-icons\"><li class=\"fusion-li-item\" style=\"\"><span class=\"icon-wrapper circle-no\"><i class=\"fusion-li-icon fa-credit-card fas\" aria-hidden=\"true\"><\/i><\/span><div class=\"fusion-li-item-content\">\n<p>Acceptez les Cartes-cadeaux Centre-ville Moncton comme vous accepteriez une carte de d\u00e9bit ou carte de cr\u00e9dit pour les ventes dans votre \u00e9tablissement.<\/p>\n<\/div><\/li><li class=\"fusion-li-item\" style=\"\"><span class=\"icon-wrapper circle-no\"><i class=\"fusion-li-icon fa-piggy-bank fas\" aria-hidden=\"true\"><\/i><\/span><div class=\"fusion-li-item-content\">\n<p>Mode de remboursement : d\u00e8s qu\u2019une Cartes-cadeaux Centre-ville Moncton est utilis\u00e9e dans votre \u00e9tablissement, les fonds sont automatiquement d\u00e9pos\u00e9s dans votre compte, tout comme ils se feraient avec l\u2019utilisation d\u2019une carte de d\u00e9bit ou carte de cr\u00e9dit!<\/p>\n<\/div><\/li><li class=\"fusion-li-item\" style=\"\"><span class=\"icon-wrapper circle-no\"><i class=\"fusion-li-icon fa-user-check fas\" aria-hidden=\"true\"><\/i><\/span><div class=\"fusion-li-item-content\">\n<p>Il n\u2019y a rien de plus simple! Les entreprises du centre-ville de Moncton n\u2019ont rien \u00e0 payer et ne courent aucun risque. Elles donnent seulement la chance aux citoyens d\u2019utiliser leurs Cartes-cadeaux Centre-ville Moncton dans leur \u00e9tablissement.<\/p>\n<\/div><\/li><\/ul><div class=\"fusion-video fusion-youtube\" style=\"--awb-max-width:600px;--awb-max-height:360px;\"><div class=\"video-shortcode\"><lite-youtube videoid=\"15278HZJKZc\" class=\"landscape\" params=\"wmode=transparent&autoplay=1&amp;enablejsapi=1\" title=\"YouTube video player 1\" data-button-label=\"Play Video\" width=\"600\" height=\"360\" data-thumbnail-size=\"auto\" data-no-cookie=\"on\"><\/lite-youtube><\/div><\/div><div ><a class=\"fusion-button button-flat fusion-button-default-size button-default fusion-button-default button-3 fusion-button-default-span fusion-button-default-type\" style=\"--awb-margin-top:14px;\" target=\"_blank\" rel=\"noopener noreferrer\" href=\"https:\/\/downtownmoncton.com\/wp-content\/uploads\/2022\/12\/CAPTCPVLFF-20190125.pdf\"><span class=\"fusion-button-text awb-button__text awb-button__text--default\">ENTENTE DE TITULAIRE DE LA CARTE<\/span><\/a><\/div><\/div><\/div><div class=\"fusion-layout-column fusion_builder_column_inner fusion-builder-nested-column-5 fusion_builder_column_inner_1_3 1_3 fusion-flex-column\" style=\"--awb-bg-size:cover;--awb-width-large:33.333333333333%;--awb-margin-top-large:10px;--awb-spacing-right-large:5.76%;--awb-margin-bottom-large:10px;--awb-spacing-left-large:5.76%;--awb-width-medium:100%;--awb-order-medium:0;--awb-spacing-right-medium:1.92%;--awb-spacing-left-medium:1.92%;--awb-width-small:100%;--awb-order-small:0;--awb-spacing-right-small:1.92%;--awb-spacing-left-small:1.92%;\"><div class=\"fusion-column-wrapper fusion-column-has-shadow fusion-flex-justify-content-flex-start fusion-content-layout-column\"><div class=\"fusion-text fusion-text-5\" style=\"--awb-text-transform:none;\"><div id=\"lipsum\">\n<blockquote class=\"wp-block-quote\">\n<p>*La Carte-cadeau Centre-ville Moncton est \u00e9mise par la Compagnie de Fiducie People.<\/p>\n<p>*Les fonds ne sont pas assur\u00e9s par la Soci\u00e9t\u00e9 d\u2019assurance-d\u00e9p\u00f4ts du Canada (SADC).<\/p>\n<p>*Service \u00e0 la client\u00e8le : <a href=\"tel:1-888-635-0507\">1-888-635-0507<\/a><\/p>\n<\/blockquote>\n<\/div>\n<\/div><\/div><\/div><\/div><\/div><\/div><\/div><\/div>\n","protected":false},"excerpt":{"rendered":"","protected":false},"author":1,"featured_media":2939,"parent":10636,"menu_order":0,"comment_status":"closed","ping_status":"closed","template":"100-width.php","meta":{"_monsterinsights_skip_tracking":false,"_monsterinsights_sitenote_active":false,"_monsterinsights_sitenote_note":"","_monsterinsights_sitenote_category":0,"footnotes":""},"class_list":["post-10875","page","type-page","status-publish","has-post-thumbnail","hentry"],"yoast_head":"<!-- This site is optimized with the Yoast SEO plugin v27.3 - https:\/\/yoast.com\/product\/yoast-seo-wordpress\/ -->\n<title>Programme des cartes-cadeaux centre-ville Moncton<\/title>\n<meta name=\"robots\" content=\"index, follow, max-snippet:-1, max-image-preview:large, max-video-preview:-1\" \/>\n<link rel=\"canonical\" href=\"https:\/\/downtownmoncton.com\/fr\/programmes\/cartes-cadeaux\/\" \/>\n<meta property=\"og:locale\" content=\"fr_CA\" \/>\n<meta property=\"og:type\" content=\"article\" \/>\n<meta property=\"og:title\" content=\"Programme des cartes-cadeaux centre-ville Moncton\" \/>\n<meta property=\"og:url\" content=\"https:\/\/downtownmoncton.com\/fr\/programmes\/cartes-cadeaux\/\" \/>\n<meta property=\"og:site_name\" content=\"Downtown Moncton Centre-ville Inc.\" \/>\n<meta property=\"article:modified_time\" content=\"2024-11-11T00:33:32+00:00\" \/>\n<meta property=\"og:image\" content=\"https:\/\/downtownmoncton.com\/wp-content\/uploads\/2022\/06\/downtown-moncton-gift-card-xmas.jpg\" \/>\n\t<meta property=\"og:image:width\" content=\"2560\" \/>\n\t<meta property=\"og:image:height\" content=\"1680\" \/>\n\t<meta property=\"og:image:type\" content=\"image\/jpeg\" \/>\n<meta name=\"twitter:card\" content=\"summary_large_image\" \/>\n<meta name=\"twitter:label1\" content=\"Estimation du temps de lecture\" \/>\n\t<meta name=\"twitter:data1\" content=\"2 minutes\" \/>\n<script type=\"application\/ld+json\" class=\"yoast-schema-graph\">{\"@context\":\"https:\\\/\\\/schema.org\",\"@graph\":[{\"@type\":\"WebPage\",\"@id\":\"https:\\\/\\\/downtownmoncton.com\\\/fr\\\/programmes\\\/cartes-cadeaux\\\/\",\"url\":\"https:\\\/\\\/downtownmoncton.com\\\/fr\\\/programmes\\\/cartes-cadeaux\\\/\",\"name\":\"Programme des cartes-cadeaux centre-ville Moncton\",\"isPartOf\":{\"@id\":\"https:\\\/\\\/downtownmoncton.com\\\/#website\"},\"primaryImageOfPage\":{\"@id\":\"https:\\\/\\\/downtownmoncton.com\\\/fr\\\/programmes\\\/cartes-cadeaux\\\/#primaryimage\"},\"image\":{\"@id\":\"https:\\\/\\\/downtownmoncton.com\\\/fr\\\/programmes\\\/cartes-cadeaux\\\/#primaryimage\"},\"thumbnailUrl\":\"https:\\\/\\\/downtownmoncton.com\\\/wp-content\\\/uploads\\\/2022\\\/06\\\/downtown-moncton-gift-card-xmas.jpg\",\"datePublished\":\"2022-06-10T17:18:34+00:00\",\"dateModified\":\"2024-11-11T00:33:32+00:00\",\"breadcrumb\":{\"@id\":\"https:\\\/\\\/downtownmoncton.com\\\/fr\\\/programmes\\\/cartes-cadeaux\\\/#breadcrumb\"},\"inLanguage\":\"fr-CA\",\"potentialAction\":[{\"@type\":\"ReadAction\",\"target\":[\"https:\\\/\\\/downtownmoncton.com\\\/fr\\\/programmes\\\/cartes-cadeaux\\\/\"]}]},{\"@type\":\"ImageObject\",\"inLanguage\":\"fr-CA\",\"@id\":\"https:\\\/\\\/downtownmoncton.com\\\/fr\\\/programmes\\\/cartes-cadeaux\\\/#primaryimage\",\"url\":\"https:\\\/\\\/downtownmoncton.com\\\/wp-content\\\/uploads\\\/2022\\\/06\\\/downtown-moncton-gift-card-xmas.jpg\",\"contentUrl\":\"https:\\\/\\\/downtownmoncton.com\\\/wp-content\\\/uploads\\\/2022\\\/06\\\/downtown-moncton-gift-card-xmas.jpg\",\"width\":2560,\"height\":1680},{\"@type\":\"BreadcrumbList\",\"@id\":\"https:\\\/\\\/downtownmoncton.com\\\/fr\\\/programmes\\\/cartes-cadeaux\\\/#breadcrumb\",\"itemListElement\":[{\"@type\":\"ListItem\",\"position\":1,\"name\":\"Home\",\"item\":\"https:\\\/\\\/downtownmoncton.com\\\/fr\\\/\"},{\"@type\":\"ListItem\",\"position\":2,\"name\":\"Programmes\",\"item\":\"https:\\\/\\\/downtownmoncton.com\\\/fr\\\/programmes\\\/\"},{\"@type\":\"ListItem\",\"position\":3,\"name\":\"Programme des cartes-cadeaux centre-ville Moncton\"}]},{\"@type\":\"WebSite\",\"@id\":\"https:\\\/\\\/downtownmoncton.com\\\/#website\",\"url\":\"https:\\\/\\\/downtownmoncton.com\\\/\",\"name\":\"Downtown Moncton Centre-ville Inc.\",\"description\":\"Dedicated to the heart of Metro Moncton!\",\"potentialAction\":[{\"@type\":\"SearchAction\",\"target\":{\"@type\":\"EntryPoint\",\"urlTemplate\":\"https:\\\/\\\/downtownmoncton.com\\\/?s={search_term_string}\"},\"query-input\":{\"@type\":\"PropertyValueSpecification\",\"valueRequired\":true,\"valueName\":\"search_term_string\"}}],\"inLanguage\":\"fr-CA\"}]}<\/script>\n<!-- \/ Yoast SEO plugin. -->","yoast_head_json":{"title":"Programme des cartes-cadeaux centre-ville Moncton","robots":{"index":"index","follow":"follow","max-snippet":"max-snippet:-1","max-image-preview":"max-image-preview:large","max-video-preview":"max-video-preview:-1"},"canonical":"https:\/\/downtownmoncton.com\/fr\/programmes\/cartes-cadeaux\/","og_locale":"fr_CA","og_type":"article","og_title":"Programme des cartes-cadeaux centre-ville Moncton","og_url":"https:\/\/downtownmoncton.com\/fr\/programmes\/cartes-cadeaux\/","og_site_name":"Downtown Moncton Centre-ville Inc.","article_modified_time":"2024-11-11T00:33:32+00:00","og_image":[{"width":2560,"height":1680,"url":"https:\/\/downtownmoncton.com\/wp-content\/uploads\/2022\/06\/downtown-moncton-gift-card-xmas.jpg","type":"image\/jpeg"}],"twitter_card":"summary_large_image","twitter_misc":{"Estimation du temps de lecture":"2 minutes"},"schema":{"@context":"https:\/\/schema.org","@graph":[{"@type":"WebPage","@id":"https:\/\/downtownmoncton.com\/fr\/programmes\/cartes-cadeaux\/","url":"https:\/\/downtownmoncton.com\/fr\/programmes\/cartes-cadeaux\/","name":"Programme des cartes-cadeaux centre-ville Moncton","isPartOf":{"@id":"https:\/\/downtownmoncton.com\/#website"},"primaryImageOfPage":{"@id":"https:\/\/downtownmoncton.com\/fr\/programmes\/cartes-cadeaux\/#primaryimage"},"image":{"@id":"https:\/\/downtownmoncton.com\/fr\/programmes\/cartes-cadeaux\/#primaryimage"},"thumbnailUrl":"https:\/\/downtownmoncton.com\/wp-content\/uploads\/2022\/06\/downtown-moncton-gift-card-xmas.jpg","datePublished":"2022-06-10T17:18:34+00:00","dateModified":"2024-11-11T00:33:32+00:00","breadcrumb":{"@id":"https:\/\/downtownmoncton.com\/fr\/programmes\/cartes-cadeaux\/#breadcrumb"},"inLanguage":"fr-CA","potentialAction":[{"@type":"ReadAction","target":["https:\/\/downtownmoncton.com\/fr\/programmes\/cartes-cadeaux\/"]}]},{"@type":"ImageObject","inLanguage":"fr-CA","@id":"https:\/\/downtownmoncton.com\/fr\/programmes\/cartes-cadeaux\/#primaryimage","url":"https:\/\/downtownmoncton.com\/wp-content\/uploads\/2022\/06\/downtown-moncton-gift-card-xmas.jpg","contentUrl":"https:\/\/downtownmoncton.com\/wp-content\/uploads\/2022\/06\/downtown-moncton-gift-card-xmas.jpg","width":2560,"height":1680},{"@type":"BreadcrumbList","@id":"https:\/\/downtownmoncton.com\/fr\/programmes\/cartes-cadeaux\/#breadcrumb","itemListElement":[{"@type":"ListItem","position":1,"name":"Home","item":"https:\/\/downtownmoncton.com\/fr\/"},{"@type":"ListItem","position":2,"name":"Programmes","item":"https:\/\/downtownmoncton.com\/fr\/programmes\/"},{"@type":"ListItem","position":3,"name":"Programme des cartes-cadeaux centre-ville Moncton"}]},{"@type":"WebSite","@id":"https:\/\/downtownmoncton.com\/#website","url":"https:\/\/downtownmoncton.com\/","name":"Downtown Moncton Centre-ville Inc.","description":"Dedicated to the heart of Metro Moncton!","potentialAction":[{"@type":"SearchAction","target":{"@type":"EntryPoint","urlTemplate":"https:\/\/downtownmoncton.com\/?s={search_term_string}"},"query-input":{"@type":"PropertyValueSpecification","valueRequired":true,"valueName":"search_term_string"}}],"inLanguage":"fr-CA"}]}},"_links":{"self":[{"href":"https:\/\/downtownmoncton.com\/fr\/wp-json\/wp\/v2\/pages\/10875","targetHints":{"allow":["GET"]}}],"collection":[{"href":"https:\/\/downtownmoncton.com\/fr\/wp-json\/wp\/v2\/pages"}],"about":[{"href":"https:\/\/downtownmoncton.com\/fr\/wp-json\/wp\/v2\/types\/page"}],"author":[{"embeddable":true,"href":"https:\/\/downtownmoncton.com\/fr\/wp-json\/wp\/v2\/users\/1"}],"replies":[{"embeddable":true,"href":"https:\/\/downtownmoncton.com\/fr\/wp-json\/wp\/v2\/comments?post=10875"}],"version-history":[{"count":8,"href":"https:\/\/downtownmoncton.com\/fr\/wp-json\/wp\/v2\/pages\/10875\/revisions"}],"predecessor-version":[{"id":20850,"href":"https:\/\/downtownmoncton.com\/fr\/wp-json\/wp\/v2\/pages\/10875\/revisions\/20850"}],"up":[{"embeddable":true,"href":"https:\/\/downtownmoncton.com\/fr\/wp-json\/wp\/v2\/pages\/10636"}],"wp:featuredmedia":[{"embeddable":true,"href":"https:\/\/downtownmoncton.com\/fr\/wp-json\/wp\/v2\/media\/2939"}],"wp:attachment":[{"href":"https:\/\/downtownmoncton.com\/fr\/wp-json\/wp\/v2\/media?parent=10875"}],"curies":[{"name":"wp","href":"https:\/\/api.w.org\/{rel}","templated":true}]}}